{"id":3430,"date":"2025-09-07T01:35:47","date_gmt":"2025-09-07T01:35:47","guid":{"rendered":"https:\/\/macronaturalsshop.com\/?post_type=product&#038;p=3430"},"modified":"2025-09-08T01:40:55","modified_gmt":"2025-09-08T01:40:55","slug":"enzima-de-papaya-60-capsulas","status":"publish","type":"product","link":"https:\/\/macronaturalsshop.com\/?product=enzima-de-papaya-60-capsulas","title":{"rendered":"Enzima de Papaya"},"content":{"rendered":"<p>F\u00f3rmula elaborada con la fruta de la papaya (Carica papaya) y Bromela\u00edna. Es fuente de la enzima papa\u00edna, la cual act\u00faa como disolvente de prote\u00ednas y presenta potentes efectos a nivel digestivo, estimulando el apetito y ayudando en casos de estre\u00f1imiento. Al igual que la papa\u00edna la bromelina es una enzima capaz de disolver prote\u00ednas, con diversos beneficios a nivel digestivo, previene los co\u00e1gulos de sangre y fortalece el sistema inmune, protegiendo al cuerpo de agentes virales.<\/p>\n","protected":false},"excerpt":{"rendered":"<p>&#8211; Proporciona las enzimas Papa\u00edna y Bromelina, que ayudan a digerir las prote\u00ednas.<br \/>\n&#8211; Contribuye a la salud digestiva.<br \/>\n&#8211; Mejora la absorci\u00f3n de nutrientes.<br \/>\n&#8211; Ayuda en problemas de estre\u00f1imiento.<br \/>\n&#8211; Apoya para combatir agentes virales.<br \/>\n&#8211; Ayuda a mantener un sistema digestivo saludable.<\/p>\n","protected":false},"featured_media":3833,"comment_status":"open","ping_status":"closed","template":"","meta":[],"product_brand":[454],"product_cat":[396],"product_tag":[541,502,500,501,520,503],"class_list":{"0":"post-3430","1":"product","2":"type-product","3":"status-publish","4":"has-post-thumbnail","6":"product_brand-alfa","7":"product_cat-sistema-digestivo","8":"product_tag-digestion","9":"product_tag-heredia","10":"product_tag-macrobiotica","11":"product_tag-natural","12":"product_tag-natural-shop","13":"product_tag-san-pablo","15":"first","16":"instock","17":"shipping-taxable","18":"purchasable","19":"product-type-simple"},"jetpack_sharing_enabled":true,"_links":{"self":[{"href":"https:\/\/macronaturalsshop.com\/index.php?rest_route=\/wp\/v2\/product\/3430"}],"collection":[{"href":"https:\/\/macronaturalsshop.com\/index.php?rest_route=\/wp\/v2\/product"}],"about":[{"href":"https:\/\/macronaturalsshop.com\/index.php?rest_route=\/wp\/v2\/types\/product"}],"replies":[{"embeddable":true,"href":"https:\/\/macronaturalsshop.com\/index.php?rest_route=%2Fwp%2Fv2%2Fcomments&post=3430"}],"wp:featuredmedia":[{"embeddable":true,"href":"https:\/\/macronaturalsshop.com\/index.php?rest_route=\/wp\/v2\/media\/3833"}],"wp:attachment":[{"href":"https:\/\/macronaturalsshop.com\/index.php?rest_route=%2Fwp%2Fv2%2Fmedia&parent=3430"}],"wp:term":[{"taxonomy":"product_brand","embeddable":true,"href":"https:\/\/macronaturalsshop.com\/index.php?rest_route=%2Fwp%2Fv2%2Fproduct_brand&post=3430"},{"taxonomy":"product_cat","embeddable":true,"href":"https:\/\/macronaturalsshop.com\/index.php?rest_route=%2Fwp%2Fv2%2Fproduct_cat&post=3430"},{"taxonomy":"product_tag","embeddable":true,"href":"https:\/\/macronaturalsshop.com\/index.php?rest_route=%2Fwp%2Fv2%2Fproduct_tag&post=3430"}],"curies":[{"name":"wp","href":"https:\/\/api.w.org\/{rel}","templated":true}]}}