{"id":3439,"date":"2025-08-11T03:00:26","date_gmt":"2025-08-11T03:00:26","guid":{"rendered":"https:\/\/macronaturalsshop.com\/?post_type=product&#038;p=3439"},"modified":"2025-08-12T01:41:44","modified_gmt":"2025-08-12T01:41:44","slug":"ginseng-y-ginkgo-biloba-90-capsulas","status":"publish","type":"product","link":"https:\/\/macronaturalsshop.com\/?product=ginseng-y-ginkgo-biloba-90-capsulas","title":{"rendered":"Ginseng Y Ginkgo Biloba"},"content":{"rendered":"<p>La investigaci\u00f3n sobre el ginseng sugiere que podr\u00eda actuar como un estimulante para la actividad f\u00edsica y mental. Este beneficio se produce como un efecto de las sustancias contenidas en el ginseng, que permiten utilizar los \u00e1cidos grasos como fuente de energ\u00eda. Por lo tanto, hay un mayor uso de gluc\u00f3geno que las c\u00e9lulas necesitan en el tejido muscular y hep\u00e1tico.<br \/>\nOriginario de China, el Ginkgo se ha extendido en los climas c\u00e1lidos de todo el mundo. El extracto de esta planta es uno de los remedios naturales m\u00e1s conocidos por su capacidad para ayudar a mejorar la oxigenaci\u00f3n de la sangre en los tejidos. Este beneficio apoya las funciones cardiovasculares.<br \/>\nLa combinaci\u00f3n de Ginseng con Ginkgo Biloba proporciona una f\u00f3rmula que combina las cualidades de ambas plantas reconocidas desde la antig\u00fcedad para ayudar a preservar o mejorar la condici\u00f3n saludable a pesar del envejecimiento.<\/p>\n","protected":false},"excerpt":{"rendered":"<p>Los beneficios del Ginseng para la producci\u00f3n de energ\u00eda y la circulaci\u00f3n sangu\u00ednea ayudan a mantener un estado saludable del sistema cardiovascular, incluidas las funciones del cerebro y los m\u00fasculos.<\/p>\n","protected":false},"featured_media":3835,"comment_status":"open","ping_status":"closed","template":"","meta":[],"product_brand":[454],"product_cat":[448,393,398],"product_tag":[583,502,500,501,520,503],"class_list":{"0":"post-3439","1":"product","2":"type-product","3":"status-publish","4":"has-post-thumbnail","6":"product_brand-alfa","7":"product_cat-circulacion","8":"product_cat-energia","9":"product_cat-vit-y-min","10":"product_tag-cardiovascular","11":"product_tag-heredia","12":"product_tag-macrobiotica","13":"product_tag-natural","14":"product_tag-natural-shop","15":"product_tag-san-pablo","17":"first","18":"instock","19":"shipping-taxable","20":"purchasable","21":"product-type-simple"},"jetpack_sharing_enabled":true,"_links":{"self":[{"href":"https:\/\/macronaturalsshop.com\/index.php?rest_route=\/wp\/v2\/product\/3439"}],"collection":[{"href":"https:\/\/macronaturalsshop.com\/index.php?rest_route=\/wp\/v2\/product"}],"about":[{"href":"https:\/\/macronaturalsshop.com\/index.php?rest_route=\/wp\/v2\/types\/product"}],"replies":[{"embeddable":true,"href":"https:\/\/macronaturalsshop.com\/index.php?rest_route=%2Fwp%2Fv2%2Fcomments&post=3439"}],"wp:featuredmedia":[{"embeddable":true,"href":"https:\/\/macronaturalsshop.com\/index.php?rest_route=\/wp\/v2\/media\/3835"}],"wp:attachment":[{"href":"https:\/\/macronaturalsshop.com\/index.php?rest_route=%2Fwp%2Fv2%2Fmedia&parent=3439"}],"wp:term":[{"taxonomy":"product_brand","embeddable":true,"href":"https:\/\/macronaturalsshop.com\/index.php?rest_route=%2Fwp%2Fv2%2Fproduct_brand&post=3439"},{"taxonomy":"product_cat","embeddable":true,"href":"https:\/\/macronaturalsshop.com\/index.php?rest_route=%2Fwp%2Fv2%2Fproduct_cat&post=3439"},{"taxonomy":"product_tag","embeddable":true,"href":"https:\/\/macronaturalsshop.com\/index.php?rest_route=%2Fwp%2Fv2%2Fproduct_tag&post=3439"}],"curies":[{"name":"wp","href":"https:\/\/api.w.org\/{rel}","templated":true}]}}