{"id":3448,"date":"2025-09-07T01:40:07","date_gmt":"2025-09-07T01:40:07","guid":{"rendered":"https:\/\/macronaturalsshop.com\/?post_type=product&#038;p=3448"},"modified":"2025-09-08T01:43:36","modified_gmt":"2025-09-08T01:43:36","slug":"maximum-bcaa-100-capsulas","status":"publish","type":"product","link":"https:\/\/macronaturalsshop.com\/?product=maximum-bcaa-100-capsulas","title":{"rendered":"Sports Maximum BCAA"},"content":{"rendered":"<p>Isoleucina, Leucina y Valina. Este producto se utiliza como suplemento para aumentar la potencia muscular en deportistas bajo entrenamientos intensos con el \ufb01n de reducir el da\u00f1o muscular, de igual manera mejora la respuesta del sistema inmunol\u00f3gico, evitando una disminuci\u00f3n de la glutamina plasm\u00e1tica, amino\u00e1cido m\u00e1s abundante en m\u00fasculos, que sirve para la reparaci\u00f3n de las \ufb01bras musculares.<\/p>\n","protected":false},"excerpt":{"rendered":"<p>Aumentar la potencia muscular en deportistas bajo entrenamientos intensos con el \ufb01n de reducir el da\u00f1o muscular.<\/p>\n","protected":false},"featured_media":3449,"comment_status":"open","ping_status":"closed","template":"","meta":[],"product_brand":[454],"product_cat":[385],"product_tag":[566,502,561,501,503],"class_list":{"0":"post-3448","1":"product","2":"type-product","3":"status-publish","4":"has-post-thumbnail","6":"product_brand-alfa","7":"product_cat-deporte","8":"product_tag-deporte","9":"product_tag-heredia","10":"product_tag-musculos","11":"product_tag-natural","12":"product_tag-san-pablo","14":"first","15":"instock","16":"shipping-taxable","17":"purchasable","18":"product-type-simple"},"jetpack_sharing_enabled":true,"_links":{"self":[{"href":"https:\/\/macronaturalsshop.com\/index.php?rest_route=\/wp\/v2\/product\/3448"}],"collection":[{"href":"https:\/\/macronaturalsshop.com\/index.php?rest_route=\/wp\/v2\/product"}],"about":[{"href":"https:\/\/macronaturalsshop.com\/index.php?rest_route=\/wp\/v2\/types\/product"}],"replies":[{"embeddable":true,"href":"https:\/\/macronaturalsshop.com\/index.php?rest_route=%2Fwp%2Fv2%2Fcomments&post=3448"}],"wp:featuredmedia":[{"embeddable":true,"href":"https:\/\/macronaturalsshop.com\/index.php?rest_route=\/wp\/v2\/media\/3449"}],"wp:attachment":[{"href":"https:\/\/macronaturalsshop.com\/index.php?rest_route=%2Fwp%2Fv2%2Fmedia&parent=3448"}],"wp:term":[{"taxonomy":"product_brand","embeddable":true,"href":"https:\/\/macronaturalsshop.com\/index.php?rest_route=%2Fwp%2Fv2%2Fproduct_brand&post=3448"},{"taxonomy":"product_cat","embeddable":true,"href":"https:\/\/macronaturalsshop.com\/index.php?rest_route=%2Fwp%2Fv2%2Fproduct_cat&post=3448"},{"taxonomy":"product_tag","embeddable":true,"href":"https:\/\/macronaturalsshop.com\/index.php?rest_route=%2Fwp%2Fv2%2Fproduct_tag&post=3448"}],"curies":[{"name":"wp","href":"https:\/\/api.w.org\/{rel}","templated":true}]}}