{"id":3456,"date":"2025-09-07T01:50:13","date_gmt":"2025-09-07T01:50:13","guid":{"rendered":"https:\/\/macronaturalsshop.com\/?post_type=product&#038;p=3456"},"modified":"2025-09-08T02:05:36","modified_gmt":"2025-09-08T02:05:36","slug":"saw-palmeto-60-capsulas-2","status":"publish","type":"product","link":"https:\/\/macronaturalsshop.com\/?product=saw-palmeto-60-capsulas-2","title":{"rendered":"Saw Palmetto"},"content":{"rendered":"<p>Es un tipo de palmera peque\u00f1a que se encuentra en Florida y en partes de otros estados del sureste. Se utiliza para ayudar con problemas a nivel urinario y reproductivos asociados al agrandamiento de la pr\u00f3stata, infertilidad y p\u00e9rdida de l\u00edbido, tambi\u00e9n en casos de tos, indigesti\u00f3n, para conciliar el sue\u00f1o, ayuda a retener los niveles de testosterona y apoya el sistema urol\u00f3gico.<\/p>\n","protected":false},"excerpt":{"rendered":"<p>Apoyar la salud de la pr\u00f3stata y aliviar los s\u00edntomas del tracto urinario en hombres, como la micci\u00f3n frecuente.<\/p>\n","protected":false},"featured_media":3457,"comment_status":"open","ping_status":"closed","template":"","meta":[],"product_brand":[454],"product_cat":[440],"product_tag":[615,502,501,538,503],"class_list":{"0":"post-3456","1":"product","2":"type-product","3":"status-publish","4":"has-post-thumbnail","6":"product_brand-alfa","7":"product_cat-hormonal-hombre","8":"product_tag-antiinflamatorio","9":"product_tag-heredia","10":"product_tag-natural","11":"product_tag-prostata","12":"product_tag-san-pablo","14":"first","15":"instock","16":"shipping-taxable","17":"purchasable","18":"product-type-simple"},"jetpack_sharing_enabled":true,"_links":{"self":[{"href":"https:\/\/macronaturalsshop.com\/index.php?rest_route=\/wp\/v2\/product\/3456"}],"collection":[{"href":"https:\/\/macronaturalsshop.com\/index.php?rest_route=\/wp\/v2\/product"}],"about":[{"href":"https:\/\/macronaturalsshop.com\/index.php?rest_route=\/wp\/v2\/types\/product"}],"replies":[{"embeddable":true,"href":"https:\/\/macronaturalsshop.com\/index.php?rest_route=%2Fwp%2Fv2%2Fcomments&post=3456"}],"wp:featuredmedia":[{"embeddable":true,"href":"https:\/\/macronaturalsshop.com\/index.php?rest_route=\/wp\/v2\/media\/3457"}],"wp:attachment":[{"href":"https:\/\/macronaturalsshop.com\/index.php?rest_route=%2Fwp%2Fv2%2Fmedia&parent=3456"}],"wp:term":[{"taxonomy":"product_brand","embeddable":true,"href":"https:\/\/macronaturalsshop.com\/index.php?rest_route=%2Fwp%2Fv2%2Fproduct_brand&post=3456"},{"taxonomy":"product_cat","embeddable":true,"href":"https:\/\/macronaturalsshop.com\/index.php?rest_route=%2Fwp%2Fv2%2Fproduct_cat&post=3456"},{"taxonomy":"product_tag","embeddable":true,"href":"https:\/\/macronaturalsshop.com\/index.php?rest_route=%2Fwp%2Fv2%2Fproduct_tag&post=3456"}],"curies":[{"name":"wp","href":"https:\/\/api.w.org\/{rel}","templated":true}]}}