{"id":3473,"date":"2025-08-18T06:15:31","date_gmt":"2025-08-18T06:15:31","guid":{"rendered":"https:\/\/macronaturalsshop.com\/?post_type=product&#038;p=3473"},"modified":"2025-08-19T01:05:56","modified_gmt":"2025-08-19T01:05:56","slug":"green-coffe-1000mg","status":"publish","type":"product","link":"https:\/\/macronaturalsshop.com\/?product=green-coffe-1000mg","title":{"rendered":"Green Coffee 1000mg"},"content":{"rendered":"<p><span>Es un suplemento diet\u00e9tico natural dise\u00f1ado como soporte para la p\u00e9rdida de peso, combinado con una dieta baja en calor\u00edas, puede proporcionar resultados visibles en poco tiempo.<\/span><\/p>\n<p><span>La cafe\u00edna presente en el producto provee al cuerpo la energ\u00eda necesaria para realizar un entrenamiento intenso y de igual manera funciona como antioxidante, ya que tiene la capacidad de eliminar sustancias da\u00f1inas presente en el organismo.<\/span><\/p>\n","protected":false},"excerpt":{"rendered":"<p>Las propiedades del caf\u00e9 verde son ideales para perder peso. No lo decimos nosotros, lo dicen varios estudios que as\u00ed lo certifican. El \u00e1cido clorog\u00e9nico, una de las sustancias m\u00e1s abundantes en el caf\u00e9 verde, ayuda sobremanera a perder esos kilos de m\u00e1s. No s\u00f3lo eso, cuenta con numerosos beneficios para la salud.<\/p>\n","protected":false},"featured_media":3837,"comment_status":"open","ping_status":"closed","template":"","meta":[],"product_brand":[454],"product_cat":[388],"product_tag":[584,502,500,501,520,503],"class_list":{"0":"post-3473","1":"product","2":"type-product","3":"status-publish","4":"has-post-thumbnail","6":"product_brand-alfa","7":"product_cat-control-de-peso","8":"product_tag-control-de-peso","9":"product_tag-heredia","10":"product_tag-macrobiotica","11":"product_tag-natural","12":"product_tag-natural-shop","13":"product_tag-san-pablo","15":"first","16":"instock","17":"shipping-taxable","18":"purchasable","19":"product-type-simple"},"jetpack_sharing_enabled":true,"_links":{"self":[{"href":"https:\/\/macronaturalsshop.com\/index.php?rest_route=\/wp\/v2\/product\/3473"}],"collection":[{"href":"https:\/\/macronaturalsshop.com\/index.php?rest_route=\/wp\/v2\/product"}],"about":[{"href":"https:\/\/macronaturalsshop.com\/index.php?rest_route=\/wp\/v2\/types\/product"}],"replies":[{"embeddable":true,"href":"https:\/\/macronaturalsshop.com\/index.php?rest_route=%2Fwp%2Fv2%2Fcomments&post=3473"}],"wp:featuredmedia":[{"embeddable":true,"href":"https:\/\/macronaturalsshop.com\/index.php?rest_route=\/wp\/v2\/media\/3837"}],"wp:attachment":[{"href":"https:\/\/macronaturalsshop.com\/index.php?rest_route=%2Fwp%2Fv2%2Fmedia&parent=3473"}],"wp:term":[{"taxonomy":"product_brand","embeddable":true,"href":"https:\/\/macronaturalsshop.com\/index.php?rest_route=%2Fwp%2Fv2%2Fproduct_brand&post=3473"},{"taxonomy":"product_cat","embeddable":true,"href":"https:\/\/macronaturalsshop.com\/index.php?rest_route=%2Fwp%2Fv2%2Fproduct_cat&post=3473"},{"taxonomy":"product_tag","embeddable":true,"href":"https:\/\/macronaturalsshop.com\/index.php?rest_route=%2Fwp%2Fv2%2Fproduct_tag&post=3473"}],"curies":[{"name":"wp","href":"https:\/\/api.w.org\/{rel}","templated":true}]}}