{"id":3489,"date":"2025-09-07T02:00:45","date_gmt":"2025-09-07T02:00:45","guid":{"rendered":"https:\/\/macronaturalsshop.com\/?post_type=product&#038;p=3489"},"modified":"2025-09-08T02:30:15","modified_gmt":"2025-09-08T02:30:15","slug":"noni-1000mg-60-capsulas","status":"publish","type":"product","link":"https:\/\/macronaturalsshop.com\/?product=noni-1000mg-60-capsulas","title":{"rendered":"Noni 1000mg"},"content":{"rendered":"<p>Es el nombre com\u00fan para la planta Morinda, nativa de Malasia, Australia y el sudeste asi\u00e1tico. El suplemento es rico en hidratos de carbono, fibra y prote\u00ednas, proporciona vitamina A, C y B3, as\u00ed como potasio y amino\u00e1cidos. Adem\u00e1s tiene elementos activos como la xeronina, que le confiere propiedades \u00fatiles para combatir los radicales libres, fortalecer las funciones saludables de las c\u00e9lulas y respaldar la respuesta del cuerpo a las infecciones. El suplemento de Noni ayudar a prevenir enfermedades como resfr\u00edos, diabetes e incluso el c\u00e1ncer, por sus propiedades antinflamatorias, el Noni tambi\u00e9n combate dolores reum\u00e1ticos y otros problemas en las articulaciones.<\/p>\n","protected":false},"excerpt":{"rendered":"<p>El suplemento de Noni ayudar a prevenir enfermedades como resfr\u00edos, diabetes e incluso el c\u00e1ncer, por sus propiedades antinflamatorias, tambi\u00e9n combate dolores reum\u00e1ticos y otros problemas en las articulaciones.<\/p>\n","protected":false},"featured_media":3864,"comment_status":"open","ping_status":"closed","template":"","meta":[],"product_brand":[454],"product_cat":[380,379,398],"product_tag":[558,502,501,520,503,568],"class_list":{"0":"post-3489","1":"product","2":"type-product","3":"status-publish","4":"has-post-thumbnail","6":"product_brand-alfa","7":"product_cat-articulaciones","8":"product_cat-sistema-inmunologico","9":"product_cat-vit-y-min","10":"product_tag-articulaciones","11":"product_tag-heredia","12":"product_tag-natural","13":"product_tag-natural-shop","14":"product_tag-san-pablo","15":"product_tag-vitaminas","17":"first","18":"instock","19":"shipping-taxable","20":"purchasable","21":"product-type-simple"},"jetpack_sharing_enabled":true,"_links":{"self":[{"href":"https:\/\/macronaturalsshop.com\/index.php?rest_route=\/wp\/v2\/product\/3489"}],"collection":[{"href":"https:\/\/macronaturalsshop.com\/index.php?rest_route=\/wp\/v2\/product"}],"about":[{"href":"https:\/\/macronaturalsshop.com\/index.php?rest_route=\/wp\/v2\/types\/product"}],"replies":[{"embeddable":true,"href":"https:\/\/macronaturalsshop.com\/index.php?rest_route=%2Fwp%2Fv2%2Fcomments&post=3489"}],"wp:featuredmedia":[{"embeddable":true,"href":"https:\/\/macronaturalsshop.com\/index.php?rest_route=\/wp\/v2\/media\/3864"}],"wp:attachment":[{"href":"https:\/\/macronaturalsshop.com\/index.php?rest_route=%2Fwp%2Fv2%2Fmedia&parent=3489"}],"wp:term":[{"taxonomy":"product_brand","embeddable":true,"href":"https:\/\/macronaturalsshop.com\/index.php?rest_route=%2Fwp%2Fv2%2Fproduct_brand&post=3489"},{"taxonomy":"product_cat","embeddable":true,"href":"https:\/\/macronaturalsshop.com\/index.php?rest_route=%2Fwp%2Fv2%2Fproduct_cat&post=3489"},{"taxonomy":"product_tag","embeddable":true,"href":"https:\/\/macronaturalsshop.com\/index.php?rest_route=%2Fwp%2Fv2%2Fproduct_tag&post=3489"}],"curies":[{"name":"wp","href":"https:\/\/api.w.org\/{rel}","templated":true}]}}