{"id":3491,"date":"2025-08-12T02:36:22","date_gmt":"2025-08-12T02:36:22","guid":{"rendered":"https:\/\/macronaturalsshop.com\/?post_type=product&#038;p=3491"},"modified":"2025-08-12T21:36:08","modified_gmt":"2025-08-12T21:36:08","slug":"potasio-gluconato-595mg-100-capsulas","status":"publish","type":"product","link":"https:\/\/macronaturalsshop.com\/?product=potasio-gluconato-595mg-100-capsulas","title":{"rendered":"Potasio Gluconato 595mg"},"content":{"rendered":"<p>Es un mineral necesario para la salud del sistema nervioso, para regular los latidos del coraz\u00f3n y es esencial para la transferencia de nutrientes a trav\u00e9s de la membrana celular y la secreci\u00f3n de hormonas.<br \/>\nEl suplemento se utiliza especialmente cuando hay bajos nivel de potasio en sangre, los cuales pueden ser causados por medicamentos o por enfermedades prolongadas asociadas a diarrea o vomito. Permite una correcta contracci\u00f3n muscular, apoya el equilibrio electrol\u00edtico y ph sangu\u00edneo, junto con el sodio juega un papel de vital importancia en la regulaci\u00f3n del agua corporal y control de la presi\u00f3n arterial.<\/p>\n","protected":false},"excerpt":{"rendered":"<p>El Potasio es un mineral necesario para la salud del sistema nervioso, para regular los latidos del coraz\u00f3n y es esencial para la transferencia de nutrientes a trav\u00e9s de la membrana celular y la secreci\u00f3n de hormonas. <\/p>\n","protected":false},"featured_media":4959,"comment_status":"open","ping_status":"closed","template":"","meta":[],"product_brand":[454],"product_cat":[398],"product_tag":[502,500,501,520,592,503,568],"class_list":{"0":"post-3491","1":"product","2":"type-product","3":"status-publish","4":"has-post-thumbnail","6":"product_brand-alfa","7":"product_cat-vit-y-min","8":"product_tag-heredia","9":"product_tag-macrobiotica","10":"product_tag-natural","11":"product_tag-natural-shop","12":"product_tag-potasio","13":"product_tag-san-pablo","14":"product_tag-vitaminas","16":"first","17":"instock","18":"shipping-taxable","19":"purchasable","20":"product-type-simple"},"jetpack_sharing_enabled":true,"_links":{"self":[{"href":"https:\/\/macronaturalsshop.com\/index.php?rest_route=\/wp\/v2\/product\/3491"}],"collection":[{"href":"https:\/\/macronaturalsshop.com\/index.php?rest_route=\/wp\/v2\/product"}],"about":[{"href":"https:\/\/macronaturalsshop.com\/index.php?rest_route=\/wp\/v2\/types\/product"}],"replies":[{"embeddable":true,"href":"https:\/\/macronaturalsshop.com\/index.php?rest_route=%2Fwp%2Fv2%2Fcomments&post=3491"}],"wp:featuredmedia":[{"embeddable":true,"href":"https:\/\/macronaturalsshop.com\/index.php?rest_route=\/wp\/v2\/media\/4959"}],"wp:attachment":[{"href":"https:\/\/macronaturalsshop.com\/index.php?rest_route=%2Fwp%2Fv2%2Fmedia&parent=3491"}],"wp:term":[{"taxonomy":"product_brand","embeddable":true,"href":"https:\/\/macronaturalsshop.com\/index.php?rest_route=%2Fwp%2Fv2%2Fproduct_brand&post=3491"},{"taxonomy":"product_cat","embeddable":true,"href":"https:\/\/macronaturalsshop.com\/index.php?rest_route=%2Fwp%2Fv2%2Fproduct_cat&post=3491"},{"taxonomy":"product_tag","embeddable":true,"href":"https:\/\/macronaturalsshop.com\/index.php?rest_route=%2Fwp%2Fv2%2Fproduct_tag&post=3491"}],"curies":[{"name":"wp","href":"https:\/\/api.w.org\/{rel}","templated":true}]}}