{"id":3493,"date":"2025-08-12T02:41:35","date_gmt":"2025-08-12T02:41:35","guid":{"rendered":"https:\/\/macronaturalsshop.com\/?post_type=product&#038;p=3493"},"modified":"2025-08-12T21:43:12","modified_gmt":"2025-08-12T21:43:12","slug":"selenium-200mcg-100-capsulas","status":"publish","type":"product","link":"https:\/\/macronaturalsshop.com\/?product=selenium-200mcg-100-capsulas","title":{"rendered":"Selenium 200mcg"},"content":{"rendered":"<p>El ingrediente activo de este suplemento es el selenio mineral, necesario para la nutrici\u00f3n. Su funci\u00f3n m\u00e1s importante es inhibir la oxidaci\u00f3n de l\u00edpidos o grasas. Es conocido por sus efectos antioxidantes, al actuar en combinaci\u00f3n con la vitamina E.<br \/>\nEl selenio es importante para la reproducci\u00f3n, la funci\u00f3n de la gl\u00e1ndula tiroidea, la producci\u00f3n de ADN y para proteger al cuerpo contra infecciones y el da\u00f1o causado por los radicales libres.<\/p>\n","protected":false},"excerpt":{"rendered":"<p>Tiene un papel vital en la nutrici\u00f3n al inhibir la oxidaci\u00f3n de grasas.<br \/>\nAyuda a fortalecer el sistema inmunitario.<br \/>\nApoya la salud del coraz\u00f3n.<br \/>\nApoya la salud dela pr\u00f3stata y la salud de la tiroides. <\/p>\n","protected":false},"featured_media":3787,"comment_status":"open","ping_status":"closed","template":"","meta":[],"product_brand":[454],"product_cat":[382,398],"product_tag":[502,500,501,520,503,593,568],"class_list":{"0":"post-3493","1":"product","2":"type-product","3":"status-publish","4":"has-post-thumbnail","6":"product_brand-alfa","7":"product_cat-antioxidante","8":"product_cat-vit-y-min","9":"product_tag-heredia","10":"product_tag-macrobiotica","11":"product_tag-natural","12":"product_tag-natural-shop","13":"product_tag-san-pablo","14":"product_tag-selenium","15":"product_tag-vitaminas","17":"first","18":"instock","19":"shipping-taxable","20":"purchasable","21":"product-type-simple"},"jetpack_sharing_enabled":true,"_links":{"self":[{"href":"https:\/\/macronaturalsshop.com\/index.php?rest_route=\/wp\/v2\/product\/3493"}],"collection":[{"href":"https:\/\/macronaturalsshop.com\/index.php?rest_route=\/wp\/v2\/product"}],"about":[{"href":"https:\/\/macronaturalsshop.com\/index.php?rest_route=\/wp\/v2\/types\/product"}],"replies":[{"embeddable":true,"href":"https:\/\/macronaturalsshop.com\/index.php?rest_route=%2Fwp%2Fv2%2Fcomments&post=3493"}],"wp:featuredmedia":[{"embeddable":true,"href":"https:\/\/macronaturalsshop.com\/index.php?rest_route=\/wp\/v2\/media\/3787"}],"wp:attachment":[{"href":"https:\/\/macronaturalsshop.com\/index.php?rest_route=%2Fwp%2Fv2%2Fmedia&parent=3493"}],"wp:term":[{"taxonomy":"product_brand","embeddable":true,"href":"https:\/\/macronaturalsshop.com\/index.php?rest_route=%2Fwp%2Fv2%2Fproduct_brand&post=3493"},{"taxonomy":"product_cat","embeddable":true,"href":"https:\/\/macronaturalsshop.com\/index.php?rest_route=%2Fwp%2Fv2%2Fproduct_cat&post=3493"},{"taxonomy":"product_tag","embeddable":true,"href":"https:\/\/macronaturalsshop.com\/index.php?rest_route=%2Fwp%2Fv2%2Fproduct_tag&post=3493"}],"curies":[{"name":"wp","href":"https:\/\/api.w.org\/{rel}","templated":true}]}}