{"id":3495,"date":"2025-09-07T02:06:34","date_gmt":"2025-09-07T02:06:34","guid":{"rendered":"https:\/\/macronaturalsshop.com\/?post_type=product&#038;p=3495"},"modified":"2025-09-08T02:34:42","modified_gmt":"2025-09-08T02:34:42","slug":"una-de-gato-1000mg-60-capsulas","status":"publish","type":"product","link":"https:\/\/macronaturalsshop.com\/?product=una-de-gato-1000mg-60-capsulas","title":{"rendered":"U\u00f1a de Gato 1000mg"},"content":{"rendered":"<p><span>Hecho a base de u\u00f1a de gato, una planta que deriva su nombre debido a su apariencia f\u00edsica que asemeja la garra de un gato. Es utilizada tradicionalmente en la medicina para el tratamiento de una amplia gama de problemas de salud, sobre todo a nivel digestivo, muy \u00fatil en pacientes con colitis, enfermedad de Crohn, s\u00edndrome del intestino irritable, ya que tiene la capacidad de limpiar todo el tracto intestinal.<\/span><\/p>\n<p><span>Presenta propiedades antiinflamatorias las cuales pueden ayudar a aliviar el dolor producido porla artritis, gota y otros problemas inflamatorios. Estimula el sistema inmunol\u00f3gico ya que puede trabajar eliminando virus, bacterias y otros microorganismos que causan enfermedades. Sus propiedades medicinales y curativas ayudan a que las heridas sanen con mayor rapidez.<\/span><\/p>\n","protected":false},"excerpt":{"rendered":"<p>Sirven como un complemento natural para apoyar el sistema inmunol\u00f3gico y la salud articular, gracias a sus propiedades antiinflamatorias y antioxidantes.\u00a0Ayudan a reducir el dolor y la inflamaci\u00f3n en condiciones como la artritis y artrosis, estimulan las defensas contra infecciones y contribuyen a la desintoxicaci\u00f3n del cuerpo.<\/p>\n","protected":false},"featured_media":5368,"comment_status":"open","ping_status":"closed","template":"","meta":[],"product_brand":[454],"product_cat":[379,398],"product_tag":[541,502,500,520,503],"class_list":{"0":"post-3495","1":"product","2":"type-product","3":"status-publish","4":"has-post-thumbnail","6":"product_brand-alfa","7":"product_cat-sistema-inmunologico","8":"product_cat-vit-y-min","9":"product_tag-digestion","10":"product_tag-heredia","11":"product_tag-macrobiotica","12":"product_tag-natural-shop","13":"product_tag-san-pablo","15":"first","16":"instock","17":"shipping-taxable","18":"purchasable","19":"product-type-simple"},"jetpack_sharing_enabled":true,"_links":{"self":[{"href":"https:\/\/macronaturalsshop.com\/index.php?rest_route=\/wp\/v2\/product\/3495"}],"collection":[{"href":"https:\/\/macronaturalsshop.com\/index.php?rest_route=\/wp\/v2\/product"}],"about":[{"href":"https:\/\/macronaturalsshop.com\/index.php?rest_route=\/wp\/v2\/types\/product"}],"replies":[{"embeddable":true,"href":"https:\/\/macronaturalsshop.com\/index.php?rest_route=%2Fwp%2Fv2%2Fcomments&post=3495"}],"wp:featuredmedia":[{"embeddable":true,"href":"https:\/\/macronaturalsshop.com\/index.php?rest_route=\/wp\/v2\/media\/5368"}],"wp:attachment":[{"href":"https:\/\/macronaturalsshop.com\/index.php?rest_route=%2Fwp%2Fv2%2Fmedia&parent=3495"}],"wp:term":[{"taxonomy":"product_brand","embeddable":true,"href":"https:\/\/macronaturalsshop.com\/index.php?rest_route=%2Fwp%2Fv2%2Fproduct_brand&post=3495"},{"taxonomy":"product_cat","embeddable":true,"href":"https:\/\/macronaturalsshop.com\/index.php?rest_route=%2Fwp%2Fv2%2Fproduct_cat&post=3495"},{"taxonomy":"product_tag","embeddable":true,"href":"https:\/\/macronaturalsshop.com\/index.php?rest_route=%2Fwp%2Fv2%2Fproduct_tag&post=3495"}],"curies":[{"name":"wp","href":"https:\/\/api.w.org\/{rel}","templated":true}]}}