{"id":3499,"date":"2025-08-06T02:00:48","date_gmt":"2025-08-06T02:00:48","guid":{"rendered":"https:\/\/macronaturalsshop.com\/?post_type=product&#038;p=3499"},"modified":"2025-08-06T15:03:35","modified_gmt":"2025-08-06T15:03:35","slug":"vitamina-b1-100mg-100-capsulas","status":"publish","type":"product","link":"https:\/\/macronaturalsshop.com\/?product=vitamina-b1-100mg-100-capsulas","title":{"rendered":"Vitamina B1 100mg"},"content":{"rendered":"<p>La Vitamina B1, es tambi\u00e9n llamada Tiamina es una vitamina del Complejo B. Participa en el metabolismo de los carbohidratos para proporcionarle al cuerpo la energ\u00eda que requiere, genera el buen funcionamiento del sistema nervioso y la producci\u00f3n de \u00e1cido clorh\u00eddrico.<\/p>\n","protected":false},"excerpt":{"rendered":"<p>Mejora la circulaci\u00f3n, la memoria, el aprendizaje, apoya el funcionamiento de las gl\u00e1ndulas suprarrenales y del sistema digestivo, para ayudar a mejorar padecimientos como la depresi\u00f3n, la artritis, cataratas y la infertilidad.<\/p>\n","protected":false},"featured_media":3789,"comment_status":"open","ping_status":"closed","template":"","meta":[],"product_brand":[454],"product_cat":[396,398],"product_tag":[570,569,502,500,501,520,503,568],"class_list":{"0":"post-3499","1":"product","2":"type-product","3":"status-publish","4":"has-post-thumbnail","6":"product_brand-alfa","7":"product_cat-sistema-digestivo","8":"product_cat-vit-y-min","9":"product_tag-artritis","10":"product_tag-depresion","11":"product_tag-heredia","12":"product_tag-macrobiotica","13":"product_tag-natural","14":"product_tag-natural-shop","15":"product_tag-san-pablo","16":"product_tag-vitaminas","18":"first","19":"instock","20":"shipping-taxable","21":"purchasable","22":"product-type-simple"},"jetpack_sharing_enabled":true,"_links":{"self":[{"href":"https:\/\/macronaturalsshop.com\/index.php?rest_route=\/wp\/v2\/product\/3499"}],"collection":[{"href":"https:\/\/macronaturalsshop.com\/index.php?rest_route=\/wp\/v2\/product"}],"about":[{"href":"https:\/\/macronaturalsshop.com\/index.php?rest_route=\/wp\/v2\/types\/product"}],"replies":[{"embeddable":true,"href":"https:\/\/macronaturalsshop.com\/index.php?rest_route=%2Fwp%2Fv2%2Fcomments&post=3499"}],"wp:featuredmedia":[{"embeddable":true,"href":"https:\/\/macronaturalsshop.com\/index.php?rest_route=\/wp\/v2\/media\/3789"}],"wp:attachment":[{"href":"https:\/\/macronaturalsshop.com\/index.php?rest_route=%2Fwp%2Fv2%2Fmedia&parent=3499"}],"wp:term":[{"taxonomy":"product_brand","embeddable":true,"href":"https:\/\/macronaturalsshop.com\/index.php?rest_route=%2Fwp%2Fv2%2Fproduct_brand&post=3499"},{"taxonomy":"product_cat","embeddable":true,"href":"https:\/\/macronaturalsshop.com\/index.php?rest_route=%2Fwp%2Fv2%2Fproduct_cat&post=3499"},{"taxonomy":"product_tag","embeddable":true,"href":"https:\/\/macronaturalsshop.com\/index.php?rest_route=%2Fwp%2Fv2%2Fproduct_tag&post=3499"}],"curies":[{"name":"wp","href":"https:\/\/api.w.org\/{rel}","templated":true}]}}