{"id":3503,"date":"2025-09-07T02:10:13","date_gmt":"2025-09-07T02:10:13","guid":{"rendered":"https:\/\/macronaturalsshop.com\/?post_type=product&#038;p=3503"},"modified":"2025-09-08T02:38:46","modified_gmt":"2025-09-08T02:38:46","slug":"vitamina-b2-50mg-100-capsulas","status":"publish","type":"product","link":"https:\/\/macronaturalsshop.com\/?product=vitamina-b2-50mg-100-capsulas","title":{"rendered":"Vitamin B-2 50mg"},"content":{"rendered":"<p>La vitamina B2 o riboflavina es una vitamina hidrosoluble del grupo B. Este suplemento de vitamina B2 tiene diversos bene\ufb01cios, ya que participa en reacciones qu\u00edmicas con el \ufb01n de dar al cuerpo la energ\u00eda que requiere, se considera esencial para el crecimiento y desarrollo del organismo, contribuye en la hematopoyesis o formaci\u00f3n de los elementos sangu\u00edneos tales como; gl\u00f3bulos rojos, gl\u00f3bulos blancos y plaquetas y participa en la formaci\u00f3n de gluc\u00f3geno, para el almacenamiento de la glucosa.<\/p>\n","protected":false},"excerpt":{"rendered":"<p>Ayudar al cuerpo a convertir los alimentos en energ\u00eda, apoyar el crecimiento y funcionamiento celular, mantener la salud de la piel, el cabello, las u\u00f1as y la visi\u00f3n, y son importantes para el buen funcionamiento de los gl\u00f3bulos rojos, el cerebro y el sistema nervioso.<\/p>\n","protected":false},"featured_media":5370,"comment_status":"open","ping_status":"closed","template":"","meta":[],"product_brand":[454],"product_cat":[398],"product_tag":[582,560,502,500,520,503,581],"class_list":{"0":"post-3503","1":"product","2":"type-product","3":"status-publish","4":"has-post-thumbnail","6":"product_brand-alfa","7":"product_cat-vit-y-min","8":"product_tag-cabello","9":"product_tag-energia","10":"product_tag-heredia","11":"product_tag-macrobiotica","12":"product_tag-natural-shop","13":"product_tag-san-pablo","14":"product_tag-unas","16":"first","17":"instock","18":"shipping-taxable","19":"purchasable","20":"product-type-simple"},"jetpack_sharing_enabled":true,"_links":{"self":[{"href":"https:\/\/macronaturalsshop.com\/index.php?rest_route=\/wp\/v2\/product\/3503"}],"collection":[{"href":"https:\/\/macronaturalsshop.com\/index.php?rest_route=\/wp\/v2\/product"}],"about":[{"href":"https:\/\/macronaturalsshop.com\/index.php?rest_route=\/wp\/v2\/types\/product"}],"replies":[{"embeddable":true,"href":"https:\/\/macronaturalsshop.com\/index.php?rest_route=%2Fwp%2Fv2%2Fcomments&post=3503"}],"wp:featuredmedia":[{"embeddable":true,"href":"https:\/\/macronaturalsshop.com\/index.php?rest_route=\/wp\/v2\/media\/5370"}],"wp:attachment":[{"href":"https:\/\/macronaturalsshop.com\/index.php?rest_route=%2Fwp%2Fv2%2Fmedia&parent=3503"}],"wp:term":[{"taxonomy":"product_brand","embeddable":true,"href":"https:\/\/macronaturalsshop.com\/index.php?rest_route=%2Fwp%2Fv2%2Fproduct_brand&post=3503"},{"taxonomy":"product_cat","embeddable":true,"href":"https:\/\/macronaturalsshop.com\/index.php?rest_route=%2Fwp%2Fv2%2Fproduct_cat&post=3503"},{"taxonomy":"product_tag","embeddable":true,"href":"https:\/\/macronaturalsshop.com\/index.php?rest_route=%2Fwp%2Fv2%2Fproduct_tag&post=3503"}],"curies":[{"name":"wp","href":"https:\/\/api.w.org\/{rel}","templated":true}]}}