{"id":3505,"date":"2025-09-07T02:15:43","date_gmt":"2025-09-07T02:15:43","guid":{"rendered":"https:\/\/macronaturalsshop.com\/?post_type=product&#038;p=3505"},"modified":"2025-09-08T02:46:16","modified_gmt":"2025-09-08T02:46:16","slug":"vitamina-b6-100mg-100-capsulas","status":"publish","type":"product","link":"https:\/\/macronaturalsshop.com\/?product=vitamina-b6-100mg-100-capsulas","title":{"rendered":"Vitamin B-6 100mg"},"content":{"rendered":"<p>La vitamina B6 , tambi\u00e9n es conocida como piridoxina, es una de las vitaminas incluidas en la familia del complejo B.<\/p>\n<p>Todas las vitaminas B, incluida la vitamina B6, desempe\u00f1an un papel importante en una variedad de funciones f\u00edsicas y psicol\u00f3gicas. Son m\u00e1s conocidos por ayudar a mantener un metabolismo saludable, la funci\u00f3n nerviosa, la funci\u00f3n hep\u00e1tica, la salud de la piel, la salud de los ojos y ayudar a aumentar los niveles de energ\u00eda<\/p>\n","protected":false},"excerpt":{"rendered":"<p>Promueve un metabolismo saludable.<br \/>\nAyuda a reducir los niveles altos de colesterol.<br \/>\nPromueve la salud del cerebro.<br \/>\nSoporte inmune.<br \/>\nNiveles de energ\u00eda.<\/p>\n","protected":false},"featured_media":3792,"comment_status":"open","ping_status":"closed","template":"","meta":[],"product_brand":[454],"product_cat":[398],"product_tag":[560,502,500,501,520,503,568],"class_list":{"0":"post-3505","1":"product","2":"type-product","3":"status-publish","4":"has-post-thumbnail","6":"product_brand-alfa","7":"product_cat-vit-y-min","8":"product_tag-energia","9":"product_tag-heredia","10":"product_tag-macrobiotica","11":"product_tag-natural","12":"product_tag-natural-shop","13":"product_tag-san-pablo","14":"product_tag-vitaminas","16":"first","17":"instock","18":"shipping-taxable","19":"purchasable","20":"product-type-simple"},"jetpack_sharing_enabled":true,"_links":{"self":[{"href":"https:\/\/macronaturalsshop.com\/index.php?rest_route=\/wp\/v2\/product\/3505"}],"collection":[{"href":"https:\/\/macronaturalsshop.com\/index.php?rest_route=\/wp\/v2\/product"}],"about":[{"href":"https:\/\/macronaturalsshop.com\/index.php?rest_route=\/wp\/v2\/types\/product"}],"replies":[{"embeddable":true,"href":"https:\/\/macronaturalsshop.com\/index.php?rest_route=%2Fwp%2Fv2%2Fcomments&post=3505"}],"wp:featuredmedia":[{"embeddable":true,"href":"https:\/\/macronaturalsshop.com\/index.php?rest_route=\/wp\/v2\/media\/3792"}],"wp:attachment":[{"href":"https:\/\/macronaturalsshop.com\/index.php?rest_route=%2Fwp%2Fv2%2Fmedia&parent=3505"}],"wp:term":[{"taxonomy":"product_brand","embeddable":true,"href":"https:\/\/macronaturalsshop.com\/index.php?rest_route=%2Fwp%2Fv2%2Fproduct_brand&post=3505"},{"taxonomy":"product_cat","embeddable":true,"href":"https:\/\/macronaturalsshop.com\/index.php?rest_route=%2Fwp%2Fv2%2Fproduct_cat&post=3505"},{"taxonomy":"product_tag","embeddable":true,"href":"https:\/\/macronaturalsshop.com\/index.php?rest_route=%2Fwp%2Fv2%2Fproduct_tag&post=3505"}],"curies":[{"name":"wp","href":"https:\/\/api.w.org\/{rel}","templated":true}]}}