{"id":3509,"date":"2025-08-12T05:00:13","date_gmt":"2025-08-12T05:00:13","guid":{"rendered":"https:\/\/macronaturalsshop.com\/?post_type=product&#038;p=3509"},"modified":"2025-08-13T01:17:32","modified_gmt":"2025-08-13T01:17:32","slug":"vitamina-e-400ui-selenio-90-capsulas","status":"publish","type":"product","link":"https:\/\/macronaturalsshop.com\/?product=vitamina-e-400ui-selenio-90-capsulas","title":{"rendered":"Vitamina E 400IU + Selenio"},"content":{"rendered":"<p>La Vitamina E y el Selenio ejercen juntos una fuerte acci\u00f3n antioxidante, ayudando al organismo a luchar contra los radicales libres e impedir que se efect\u00faen reacciones qu\u00edmicas que pueden causar la alteraci\u00f3n del material celular. Su acci\u00f3n se ejerce neutralizando estos radicales libres para que no reaccionen con las mol\u00e9culas estables y provoquen el da\u00f1o en las membranas, lo que puede ocasionar serios problemas de salud, retarda ciertos procesos de envejecimiento y fortalece el sistema inmune y nervioso.<\/p>\n","protected":false},"excerpt":{"rendered":"<p>Mejora la circulaci\u00f3n sangu\u00ednea promoviendo una adecuada coagulaci\u00f3n de la sangre y estimula la fertilidad tanto en el hombre como en la mujer.<\/p>\n","protected":false},"featured_media":3795,"comment_status":"open","ping_status":"closed","template":"","meta":[],"product_brand":[454],"product_cat":[398],"product_tag":[502,500,501,520,503,568],"class_list":{"0":"post-3509","1":"product","2":"type-product","3":"status-publish","4":"has-post-thumbnail","6":"product_brand-alfa","7":"product_cat-vit-y-min","8":"product_tag-heredia","9":"product_tag-macrobiotica","10":"product_tag-natural","11":"product_tag-natural-shop","12":"product_tag-san-pablo","13":"product_tag-vitaminas","15":"first","16":"instock","17":"shipping-taxable","18":"purchasable","19":"product-type-simple"},"jetpack_sharing_enabled":true,"_links":{"self":[{"href":"https:\/\/macronaturalsshop.com\/index.php?rest_route=\/wp\/v2\/product\/3509"}],"collection":[{"href":"https:\/\/macronaturalsshop.com\/index.php?rest_route=\/wp\/v2\/product"}],"about":[{"href":"https:\/\/macronaturalsshop.com\/index.php?rest_route=\/wp\/v2\/types\/product"}],"replies":[{"embeddable":true,"href":"https:\/\/macronaturalsshop.com\/index.php?rest_route=%2Fwp%2Fv2%2Fcomments&post=3509"}],"wp:featuredmedia":[{"embeddable":true,"href":"https:\/\/macronaturalsshop.com\/index.php?rest_route=\/wp\/v2\/media\/3795"}],"wp:attachment":[{"href":"https:\/\/macronaturalsshop.com\/index.php?rest_route=%2Fwp%2Fv2%2Fmedia&parent=3509"}],"wp:term":[{"taxonomy":"product_brand","embeddable":true,"href":"https:\/\/macronaturalsshop.com\/index.php?rest_route=%2Fwp%2Fv2%2Fproduct_brand&post=3509"},{"taxonomy":"product_cat","embeddable":true,"href":"https:\/\/macronaturalsshop.com\/index.php?rest_route=%2Fwp%2Fv2%2Fproduct_cat&post=3509"},{"taxonomy":"product_tag","embeddable":true,"href":"https:\/\/macronaturalsshop.com\/index.php?rest_route=%2Fwp%2Fv2%2Fproduct_tag&post=3509"}],"curies":[{"name":"wp","href":"https:\/\/api.w.org\/{rel}","templated":true}]}}