{"id":3518,"date":"2025-08-18T06:20:19","date_gmt":"2025-08-18T06:20:19","guid":{"rendered":"https:\/\/macronaturalsshop.com\/?post_type=product&#038;p=3518"},"modified":"2025-08-19T01:16:53","modified_gmt":"2025-08-19T01:16:53","slug":"triple-alflexil-glucosamine-chondroitin-60-capsulas","status":"publish","type":"product","link":"https:\/\/macronaturalsshop.com\/?product=triple-alflexil-glucosamine-chondroitin-60-capsulas","title":{"rendered":"Triple Alflexil Glucosamine"},"content":{"rendered":"<p>Triple Alflexil es una combinaci\u00f3n reforzada de la f\u00f3rmula que proporciona sulfato de glucosamina, sulfato de coindoitrina y msm (metil sulfonil metano) de forma natural. estas sustancias son partes importantes de las articulaciones y otros \u00f3rganos del cuerpo.<\/p>\n<p>La\u00a0<strong>glucosamina<\/strong>\u00a0forma parte de los tejidos, ligamentos, ojos, tendones, piel, huesos y v\u00e1lvulas cardiacas.<\/p>\n<p>La\u00a0<strong>condoitrina<\/strong>\u00a0tambi\u00e9n es una parte natural de los tejidos conectivos que sostienen el cuerpo, como los huesos, es la base para la formaci\u00f3n de nuevo tejido cartilaginoso.<\/p>\n<p>El\u00a0<strong>col\u00e1geno<\/strong>\u00a0es responsable de mantener la estructura de los \u00f3rganos, est\u00e1 presente en los tendones, m\u00fasculos, huesos y piel, y tiene una acci\u00f3n protectora en los tejidos para ayudar a prevenir la absorci\u00f3n de sustancias t\u00f3xicas.<\/p>\n<p>El\u00a0<strong>metil sulfonil metano (msm)<\/strong>\u00a0es una fuente org\u00e1nica<\/p>\n","protected":false},"excerpt":{"rendered":"<p>Triple Alflexil es una combinaci\u00f3n reforzada de la f\u00f3rmula que proporciona sulfato de glucosamina, sulfato de coindoitrina y msm (metil sulfonil metano) de forma natural. estas sustancias son partes importantes de las articulaciones y otros \u00f3rganos del cuerpo.<\/p>\n","protected":false},"featured_media":5157,"comment_status":"open","ping_status":"closed","template":"","meta":[],"product_brand":[454],"product_cat":[380],"product_tag":[558,502,500,501,520,503],"class_list":{"0":"post-3518","1":"product","2":"type-product","3":"status-publish","4":"has-post-thumbnail","6":"product_brand-alfa","7":"product_cat-articulaciones","8":"product_tag-articulaciones","9":"product_tag-heredia","10":"product_tag-macrobiotica","11":"product_tag-natural","12":"product_tag-natural-shop","13":"product_tag-san-pablo","15":"first","16":"instock","17":"shipping-taxable","18":"purchasable","19":"product-type-simple"},"jetpack_sharing_enabled":true,"_links":{"self":[{"href":"https:\/\/macronaturalsshop.com\/index.php?rest_route=\/wp\/v2\/product\/3518"}],"collection":[{"href":"https:\/\/macronaturalsshop.com\/index.php?rest_route=\/wp\/v2\/product"}],"about":[{"href":"https:\/\/macronaturalsshop.com\/index.php?rest_route=\/wp\/v2\/types\/product"}],"replies":[{"embeddable":true,"href":"https:\/\/macronaturalsshop.com\/index.php?rest_route=%2Fwp%2Fv2%2Fcomments&post=3518"}],"wp:featuredmedia":[{"embeddable":true,"href":"https:\/\/macronaturalsshop.com\/index.php?rest_route=\/wp\/v2\/media\/5157"}],"wp:attachment":[{"href":"https:\/\/macronaturalsshop.com\/index.php?rest_route=%2Fwp%2Fv2%2Fmedia&parent=3518"}],"wp:term":[{"taxonomy":"product_brand","embeddable":true,"href":"https:\/\/macronaturalsshop.com\/index.php?rest_route=%2Fwp%2Fv2%2Fproduct_brand&post=3518"},{"taxonomy":"product_cat","embeddable":true,"href":"https:\/\/macronaturalsshop.com\/index.php?rest_route=%2Fwp%2Fv2%2Fproduct_cat&post=3518"},{"taxonomy":"product_tag","embeddable":true,"href":"https:\/\/macronaturalsshop.com\/index.php?rest_route=%2Fwp%2Fv2%2Fproduct_tag&post=3518"}],"curies":[{"name":"wp","href":"https:\/\/api.w.org\/{rel}","templated":true}]}}