{"id":3633,"date":"2025-09-07T02:25:46","date_gmt":"2025-09-07T02:25:46","guid":{"rendered":"https:\/\/macronaturalsshop.com\/?post_type=product&#038;p=3633"},"modified":"2025-09-08T02:53:22","modified_gmt":"2025-09-08T02:53:22","slug":"milk-thistle-120-cap-cardomarino","status":"publish","type":"product","link":"https:\/\/macronaturalsshop.com\/?product=milk-thistle-120-cap-cardomarino","title":{"rendered":"Milk Thistle 2000mg"},"content":{"rendered":"<p>Este suplemento se utiliza para proteger el h\u00edgado de los da\u00f1os causados por toxinas o enfermedades, regenerando el tejido hep\u00e1tico da\u00f1ado, ya que presenta algunas de las sustancias hepatoprotectoras m\u00e1s conocidas, como lo es la silimarina. Tambi\u00e9n ayuda en el tratamiento de enfermedades de la ves\u00edcula biliar, en casos de envenenamiento por zetas o medicamentos, ayuda en la digesti\u00f3n de las grasas, dificultando la entrada de estas en las c\u00e9lulas hep\u00e1ticas y en cuanto al intestino, ayuda a tratar el colon irritable.<\/p>\n","protected":false},"excerpt":{"rendered":"<p>Apoyar la salud y la funci\u00f3n del h\u00edgado, ya que la silimarina, su compuesto activo, tiene propiedades\u00a0antioxidantes\u00a0y\u00a0antiinflamatorias\u00a0que protegen las c\u00e9lulas hep\u00e1ticas.\u00a0Puede ser \u00fatil como tratamiento coadyuvante para afecciones hep\u00e1ticas como la esteatosis hep\u00e1tica, hepatitis y cirrosis.<\/p>\n","protected":false},"featured_media":5373,"comment_status":"open","ping_status":"closed","template":"","meta":[],"product_brand":[454],"product_cat":[396],"product_tag":[576,501,520,503,568],"class_list":{"0":"post-3633","1":"product","2":"type-product","3":"status-publish","4":"has-post-thumbnail","6":"product_brand-alfa","7":"product_cat-sistema-digestivo","8":"product_tag-higado","9":"product_tag-natural","10":"product_tag-natural-shop","11":"product_tag-san-pablo","12":"product_tag-vitaminas","14":"first","15":"instock","16":"shipping-taxable","17":"purchasable","18":"product-type-simple"},"jetpack_sharing_enabled":true,"_links":{"self":[{"href":"https:\/\/macronaturalsshop.com\/index.php?rest_route=\/wp\/v2\/product\/3633"}],"collection":[{"href":"https:\/\/macronaturalsshop.com\/index.php?rest_route=\/wp\/v2\/product"}],"about":[{"href":"https:\/\/macronaturalsshop.com\/index.php?rest_route=\/wp\/v2\/types\/product"}],"replies":[{"embeddable":true,"href":"https:\/\/macronaturalsshop.com\/index.php?rest_route=%2Fwp%2Fv2%2Fcomments&post=3633"}],"wp:featuredmedia":[{"embeddable":true,"href":"https:\/\/macronaturalsshop.com\/index.php?rest_route=\/wp\/v2\/media\/5373"}],"wp:attachment":[{"href":"https:\/\/macronaturalsshop.com\/index.php?rest_route=%2Fwp%2Fv2%2Fmedia&parent=3633"}],"wp:term":[{"taxonomy":"product_brand","embeddable":true,"href":"https:\/\/macronaturalsshop.com\/index.php?rest_route=%2Fwp%2Fv2%2Fproduct_brand&post=3633"},{"taxonomy":"product_cat","embeddable":true,"href":"https:\/\/macronaturalsshop.com\/index.php?rest_route=%2Fwp%2Fv2%2Fproduct_cat&post=3633"},{"taxonomy":"product_tag","embeddable":true,"href":"https:\/\/macronaturalsshop.com\/index.php?rest_route=%2Fwp%2Fv2%2Fproduct_tag&post=3633"}],"curies":[{"name":"wp","href":"https:\/\/api.w.org\/{rel}","templated":true}]}}