{"id":3651,"date":"2025-09-07T03:00:29","date_gmt":"2025-09-07T03:00:29","guid":{"rendered":"https:\/\/macronaturalsshop.com\/?post_type=product&#038;p=3651"},"modified":"2025-09-08T02:57:11","modified_gmt":"2025-09-08T02:57:11","slug":"flexicolagen-magnesio-maracuya-280g","status":"publish","type":"product","link":"https:\/\/macronaturalsshop.com\/?product=flexicolagen-magnesio-maracuya-280g","title":{"rendered":"Flexicolagen + Magnesio Maracuy\u00e1 280g"},"content":{"rendered":"<p>Col\u00e1geno hidrolizado<br \/>\nVitamina D3<br \/>\nGlucosamina<br \/>\nSulfato de condroitina<br \/>\n\u00c1cido c\u00edtrico<br \/>\nExtracto de t\u00e9 verde<br \/>\nMagnesio<br \/>\nSabor artificial a maracuy\u00e1<\/p>\n","protected":false},"excerpt":{"rendered":"<p>Polvo para preparar bebidas a base de col\u00e1geno, con vitamina D3, Glucosamina, Sulfato de condroitina, \u00c1cido c\u00edtrico, extracto de t\u00e9 verde, Magnesio.<\/p>\n","protected":false},"featured_media":3652,"comment_status":"open","ping_status":"closed","template":"","meta":[],"product_brand":[456],"product_cat":[380,389],"product_tag":[502,500,501,520,503,568],"class_list":{"0":"post-3651","1":"product","2":"type-product","3":"status-publish","4":"has-post-thumbnail","6":"product_brand-betesda","7":"product_cat-articulaciones","8":"product_cat-colageno","9":"product_tag-heredia","10":"product_tag-macrobiotica","11":"product_tag-natural","12":"product_tag-natural-shop","13":"product_tag-san-pablo","14":"product_tag-vitaminas","16":"first","17":"instock","18":"shipping-taxable","19":"purchasable","20":"product-type-simple"},"jetpack_sharing_enabled":true,"_links":{"self":[{"href":"https:\/\/macronaturalsshop.com\/index.php?rest_route=\/wp\/v2\/product\/3651"}],"collection":[{"href":"https:\/\/macronaturalsshop.com\/index.php?rest_route=\/wp\/v2\/product"}],"about":[{"href":"https:\/\/macronaturalsshop.com\/index.php?rest_route=\/wp\/v2\/types\/product"}],"replies":[{"embeddable":true,"href":"https:\/\/macronaturalsshop.com\/index.php?rest_route=%2Fwp%2Fv2%2Fcomments&post=3651"}],"wp:featuredmedia":[{"embeddable":true,"href":"https:\/\/macronaturalsshop.com\/index.php?rest_route=\/wp\/v2\/media\/3652"}],"wp:attachment":[{"href":"https:\/\/macronaturalsshop.com\/index.php?rest_route=%2Fwp%2Fv2%2Fmedia&parent=3651"}],"wp:term":[{"taxonomy":"product_brand","embeddable":true,"href":"https:\/\/macronaturalsshop.com\/index.php?rest_route=%2Fwp%2Fv2%2Fproduct_brand&post=3651"},{"taxonomy":"product_cat","embeddable":true,"href":"https:\/\/macronaturalsshop.com\/index.php?rest_route=%2Fwp%2Fv2%2Fproduct_cat&post=3651"},{"taxonomy":"product_tag","embeddable":true,"href":"https:\/\/macronaturalsshop.com\/index.php?rest_route=%2Fwp%2Fv2%2Fproduct_tag&post=3651"}],"curies":[{"name":"wp","href":"https:\/\/api.w.org\/{rel}","templated":true}]}}