{"id":3654,"date":"2025-09-07T03:00:16","date_gmt":"2025-09-07T03:00:16","guid":{"rendered":"https:\/\/macronaturalsshop.com\/?post_type=product&#038;p=3654"},"modified":"2025-09-08T03:00:32","modified_gmt":"2025-09-08T03:00:32","slug":"curcumina-90caps","status":"publish","type":"product","link":"https:\/\/macronaturalsshop.com\/?product=curcumina-90caps","title":{"rendered":"Curcumina"},"content":{"rendered":"<p>La curcumina contiene polifenoles que act\u00faan en la escala celular beneficiando a pacientes con inflamaci\u00f3n y ayuda en la oxidaci\u00f3n celular. Es anticancer\u00edgena Reducen los efectos de algunas enfermedades como la artritis, la ansiedad ,los niveles elevados de grasa en sangre, s\u00edndrome metab\u00f3lico adem\u00e1s beneficia sistema digestivo.<\/p>\n","protected":false},"excerpt":{"rendered":"<p>Ayuda en la oxidaci\u00f3n celular<br \/>\nEs anticancer\u00edgena<br \/>\nReduce los efectos de la artritis<br \/>\nReduce los efectos de la ansiedad<br \/>\nReduce los niveles elevados de grasa en sangre<\/p>\n","protected":false},"featured_media":3655,"comment_status":"open","ping_status":"closed","template":"","meta":[],"product_brand":[456],"product_cat":[382,396],"product_tag":[564,502,500,520,503],"class_list":{"0":"post-3654","1":"product","2":"type-product","3":"status-publish","4":"has-post-thumbnail","6":"product_brand-betesda","7":"product_cat-antioxidante","8":"product_cat-sistema-digestivo","9":"product_tag-antioxidante","10":"product_tag-heredia","11":"product_tag-macrobiotica","12":"product_tag-natural-shop","13":"product_tag-san-pablo","15":"first","16":"instock","17":"shipping-taxable","18":"purchasable","19":"product-type-simple"},"jetpack_sharing_enabled":true,"_links":{"self":[{"href":"https:\/\/macronaturalsshop.com\/index.php?rest_route=\/wp\/v2\/product\/3654"}],"collection":[{"href":"https:\/\/macronaturalsshop.com\/index.php?rest_route=\/wp\/v2\/product"}],"about":[{"href":"https:\/\/macronaturalsshop.com\/index.php?rest_route=\/wp\/v2\/types\/product"}],"replies":[{"embeddable":true,"href":"https:\/\/macronaturalsshop.com\/index.php?rest_route=%2Fwp%2Fv2%2Fcomments&post=3654"}],"wp:featuredmedia":[{"embeddable":true,"href":"https:\/\/macronaturalsshop.com\/index.php?rest_route=\/wp\/v2\/media\/3655"}],"wp:attachment":[{"href":"https:\/\/macronaturalsshop.com\/index.php?rest_route=%2Fwp%2Fv2%2Fmedia&parent=3654"}],"wp:term":[{"taxonomy":"product_brand","embeddable":true,"href":"https:\/\/macronaturalsshop.com\/index.php?rest_route=%2Fwp%2Fv2%2Fproduct_brand&post=3654"},{"taxonomy":"product_cat","embeddable":true,"href":"https:\/\/macronaturalsshop.com\/index.php?rest_route=%2Fwp%2Fv2%2Fproduct_cat&post=3654"},{"taxonomy":"product_tag","embeddable":true,"href":"https:\/\/macronaturalsshop.com\/index.php?rest_route=%2Fwp%2Fv2%2Fproduct_tag&post=3654"}],"curies":[{"name":"wp","href":"https:\/\/api.w.org\/{rel}","templated":true}]}}