{"id":3668,"date":"2025-09-07T03:10:49","date_gmt":"2025-09-07T03:10:49","guid":{"rendered":"https:\/\/macronaturalsshop.com\/?post_type=product&#038;p=3668"},"modified":"2025-09-08T03:10:25","modified_gmt":"2025-09-08T03:10:25","slug":"hojas-de-sen-60-capsulas","status":"publish","type":"product","link":"https:\/\/macronaturalsshop.com\/?product=hojas-de-sen-60-capsulas","title":{"rendered":"Hojas de Sen"},"content":{"rendered":"<p>Sirven\u00a0para el tratamiento a corto plazo del estre\u00f1imiento ocasional y para vaciar los intestinos antes de procedimientos m\u00e9dicos, ya que act\u00faan como un laxante estimulante que aumenta la actividad intestinal.<\/p>\n","protected":false},"excerpt":{"rendered":"<p>Ayuda para el estre\u00f1imiento.<br \/>\nTomar una capsula tres veces al d\u00eda con comidas<\/p>\n","protected":false},"featured_media":3904,"comment_status":"open","ping_status":"closed","template":"","meta":[],"product_brand":[460],"product_cat":[396],"product_tag":[635,502,501,520,503],"class_list":{"0":"post-3668","1":"product","2":"type-product","3":"status-publish","4":"has-post-thumbnail","6":"product_brand-delisse-herbal","7":"product_cat-sistema-digestivo","8":"product_tag-estrenimiento","9":"product_tag-heredia","10":"product_tag-natural","11":"product_tag-natural-shop","12":"product_tag-san-pablo","14":"first","15":"instock","16":"shipping-taxable","17":"purchasable","18":"product-type-simple"},"jetpack_sharing_enabled":true,"_links":{"self":[{"href":"https:\/\/macronaturalsshop.com\/index.php?rest_route=\/wp\/v2\/product\/3668"}],"collection":[{"href":"https:\/\/macronaturalsshop.com\/index.php?rest_route=\/wp\/v2\/product"}],"about":[{"href":"https:\/\/macronaturalsshop.com\/index.php?rest_route=\/wp\/v2\/types\/product"}],"replies":[{"embeddable":true,"href":"https:\/\/macronaturalsshop.com\/index.php?rest_route=%2Fwp%2Fv2%2Fcomments&post=3668"}],"wp:featuredmedia":[{"embeddable":true,"href":"https:\/\/macronaturalsshop.com\/index.php?rest_route=\/wp\/v2\/media\/3904"}],"wp:attachment":[{"href":"https:\/\/macronaturalsshop.com\/index.php?rest_route=%2Fwp%2Fv2%2Fmedia&parent=3668"}],"wp:term":[{"taxonomy":"product_brand","embeddable":true,"href":"https:\/\/macronaturalsshop.com\/index.php?rest_route=%2Fwp%2Fv2%2Fproduct_brand&post=3668"},{"taxonomy":"product_cat","embeddable":true,"href":"https:\/\/macronaturalsshop.com\/index.php?rest_route=%2Fwp%2Fv2%2Fproduct_cat&post=3668"},{"taxonomy":"product_tag","embeddable":true,"href":"https:\/\/macronaturalsshop.com\/index.php?rest_route=%2Fwp%2Fv2%2Fproduct_tag&post=3668"}],"curies":[{"name":"wp","href":"https:\/\/api.w.org\/{rel}","templated":true}]}}