{"id":3677,"date":"2025-09-07T04:00:30","date_gmt":"2025-09-07T04:00:30","guid":{"rendered":"https:\/\/macronaturalsshop.com\/?post_type=product&#038;p=3677"},"modified":"2025-09-08T03:20:48","modified_gmt":"2025-09-08T03:20:48","slug":"cafe-verde-con-canela-100-unidades","status":"publish","type":"product","link":"https:\/\/macronaturalsshop.com\/?product=cafe-verde-con-canela-100-unidades","title":{"rendered":"Caf\u00e9 Verde con Canela"},"content":{"rendered":"<p>Al mezclar la canela con el caf\u00e9 se potencian efectos antioxidantes y antiinflamatorios de ambos elementos. Resulta una bebida con propiedades protectoras a nivel cardiovascular. Ayuda a optimizar el \u00edndice gluc\u00e9mico y a prevenir el envejecimiento celular. Mejora la capacidad de concentraci\u00f3n y el rendimiento f\u00edsico<\/p>\n","protected":false},"excerpt":{"rendered":"<p>Sirven como un suplemento alimenticio para el control de peso, la regulaci\u00f3n del az\u00facar en sangre y la salud cardiovascular, gracias al \u00e1cido clorog\u00e9nico del caf\u00e9 verde y los antioxidantes de ambos ingredientes.\u00a0Tambi\u00e9n ofrecen efectos energizantes, mejoran la funci\u00f3n cognitiva, apoyan la digesti\u00f3n y tienen propiedades antiinflamatorias.<\/p>\n","protected":false},"featured_media":3919,"comment_status":"open","ping_status":"closed","template":"","meta":[],"product_brand":[460],"product_cat":[382],"product_tag":[564,541,502,500,501,520,503],"class_list":{"0":"post-3677","1":"product","2":"type-product","3":"status-publish","4":"has-post-thumbnail","6":"product_brand-delisse-herbal","7":"product_cat-antioxidante","8":"product_tag-antioxidante","9":"product_tag-digestion","10":"product_tag-heredia","11":"product_tag-macrobiotica","12":"product_tag-natural","13":"product_tag-natural-shop","14":"product_tag-san-pablo","16":"first","17":"instock","18":"shipping-taxable","19":"purchasable","20":"product-type-simple"},"jetpack_sharing_enabled":true,"_links":{"self":[{"href":"https:\/\/macronaturalsshop.com\/index.php?rest_route=\/wp\/v2\/product\/3677"}],"collection":[{"href":"https:\/\/macronaturalsshop.com\/index.php?rest_route=\/wp\/v2\/product"}],"about":[{"href":"https:\/\/macronaturalsshop.com\/index.php?rest_route=\/wp\/v2\/types\/product"}],"replies":[{"embeddable":true,"href":"https:\/\/macronaturalsshop.com\/index.php?rest_route=%2Fwp%2Fv2%2Fcomments&post=3677"}],"wp:featuredmedia":[{"embeddable":true,"href":"https:\/\/macronaturalsshop.com\/index.php?rest_route=\/wp\/v2\/media\/3919"}],"wp:attachment":[{"href":"https:\/\/macronaturalsshop.com\/index.php?rest_route=%2Fwp%2Fv2%2Fmedia&parent=3677"}],"wp:term":[{"taxonomy":"product_brand","embeddable":true,"href":"https:\/\/macronaturalsshop.com\/index.php?rest_route=%2Fwp%2Fv2%2Fproduct_brand&post=3677"},{"taxonomy":"product_cat","embeddable":true,"href":"https:\/\/macronaturalsshop.com\/index.php?rest_route=%2Fwp%2Fv2%2Fproduct_cat&post=3677"},{"taxonomy":"product_tag","embeddable":true,"href":"https:\/\/macronaturalsshop.com\/index.php?rest_route=%2Fwp%2Fv2%2Fproduct_tag&post=3677"}],"curies":[{"name":"wp","href":"https:\/\/api.w.org\/{rel}","templated":true}]}}