{"id":3684,"date":"2025-09-07T04:15:51","date_gmt":"2025-09-07T04:15:51","guid":{"rendered":"https:\/\/macronaturalsshop.com\/?post_type=product&#038;p=3684"},"modified":"2025-09-08T03:25:38","modified_gmt":"2025-09-08T03:25:38","slug":"aceite-de-coco-mct-keto-1000ml","status":"publish","type":"product","link":"https:\/\/macronaturalsshop.com\/?product=aceite-de-coco-mct-keto-1000ml","title":{"rendered":"Aceite MCT Coco 1000 ml Keto"},"content":{"rendered":"<p>MCT (\u00c1cidos grasos de cadena Media) son una fuente de energ\u00eda de f\u00e1cil absorci\u00f3n, entre los que destacan el \u00c1cido caprilico C8 (70%) y c\u00e1prico C10 (30%)Nuestros MCT son extra\u00eddos exclusivamente del Aceite de Coco, cumpliendo con la m\u00e1s alta calidad.Nuestro MCT Oil no posee sabor ni color, por lo que combina perfectamente con gran variedad de alimentos y bebidas.<\/p>\n","protected":false},"excerpt":{"rendered":"<p>El Aceite MCT Coco sirve para\u00a0aportar una fuente de energ\u00eda r\u00e1pida y limpia, promover la p\u00e9rdida de peso al ayudar a quemar grasa y controlar el apetito, mejorar la funci\u00f3n cerebral y la memoria, apoyar la salud intestinal gracias a sus propiedades antimicrobianas y mejorar la absorci\u00f3n de nutrientes, adem\u00e1s de ser \u00fatil en dietas cetog\u00e9nicas y para potenciar la energ\u00eda en el ejercicio.<\/p>\n","protected":false},"featured_media":3686,"comment_status":"open","ping_status":"closed","template":"","meta":[],"product_brand":[463],"product_cat":[372,393],"product_tag":[584,502,501,520,503],"class_list":{"0":"post-3684","1":"product","2":"type-product","3":"status-publish","4":"has-post-thumbnail","6":"product_brand-drasanvi","7":"product_cat-aceites","8":"product_cat-energia","9":"product_tag-control-de-peso","10":"product_tag-heredia","11":"product_tag-natural","12":"product_tag-natural-shop","13":"product_tag-san-pablo","15":"first","16":"instock","17":"shipping-taxable","18":"purchasable","19":"product-type-simple"},"jetpack_sharing_enabled":true,"_links":{"self":[{"href":"https:\/\/macronaturalsshop.com\/index.php?rest_route=\/wp\/v2\/product\/3684"}],"collection":[{"href":"https:\/\/macronaturalsshop.com\/index.php?rest_route=\/wp\/v2\/product"}],"about":[{"href":"https:\/\/macronaturalsshop.com\/index.php?rest_route=\/wp\/v2\/types\/product"}],"replies":[{"embeddable":true,"href":"https:\/\/macronaturalsshop.com\/index.php?rest_route=%2Fwp%2Fv2%2Fcomments&post=3684"}],"wp:featuredmedia":[{"embeddable":true,"href":"https:\/\/macronaturalsshop.com\/index.php?rest_route=\/wp\/v2\/media\/3686"}],"wp:attachment":[{"href":"https:\/\/macronaturalsshop.com\/index.php?rest_route=%2Fwp%2Fv2%2Fmedia&parent=3684"}],"wp:term":[{"taxonomy":"product_brand","embeddable":true,"href":"https:\/\/macronaturalsshop.com\/index.php?rest_route=%2Fwp%2Fv2%2Fproduct_brand&post=3684"},{"taxonomy":"product_cat","embeddable":true,"href":"https:\/\/macronaturalsshop.com\/index.php?rest_route=%2Fwp%2Fv2%2Fproduct_cat&post=3684"},{"taxonomy":"product_tag","embeddable":true,"href":"https:\/\/macronaturalsshop.com\/index.php?rest_route=%2Fwp%2Fv2%2Fproduct_tag&post=3684"}],"curies":[{"name":"wp","href":"https:\/\/api.w.org\/{rel}","templated":true}]}}