{"id":3691,"date":"2025-09-08T01:00:42","date_gmt":"2025-09-08T01:00:42","guid":{"rendered":"https:\/\/macronaturalsshop.com\/?post_type=product&#038;p=3691"},"modified":"2025-09-08T14:27:43","modified_gmt":"2025-09-08T14:27:43","slug":"aceite-esencial-espliego-macho-10ml","status":"publish","type":"product","link":"https:\/\/macronaturalsshop.com\/?product=aceite-esencial-espliego-macho-10ml","title":{"rendered":"Aceite Esencial Espliego macho BIO 10 ml"},"content":{"rendered":"<p>El espliego macho forma parte de la familia de las lavandas, aunque su floraci\u00f3n es m\u00e1s tard\u00eda que las de la lavanda y resiste peor las temperaturas fr\u00edas. Es sin duda un aceite esencial considerado de emergencia, ya que ser\u00e1 el aliado perfecto para aliviar de manera, casi, inmediata las quemaduras, heridas por abrasi\u00f3n y las picaduras ocasionadas por insectos venenosos.<\/p>\n","protected":false},"excerpt":{"rendered":"<p>Es sin duda un aceite esencial considerado de emergencia, ya que ser\u00e1 el aliado perfecto para aliviar de manera, casi, inmediata las quemaduras, heridas por abrasi\u00f3n y las picaduras ocasionadas por insectos venenosos.<\/p>\n","protected":false},"featured_media":3692,"comment_status":"open","ping_status":"closed","template":"","meta":[],"product_brand":[463],"product_cat":[374,430],"product_tag":[524,502,500,501,520,503],"class_list":{"0":"post-3691","1":"product","2":"type-product","3":"status-publish","4":"has-post-thumbnail","6":"product_brand-drasanvi","7":"product_cat-aceites-esenciales","8":"product_cat-antinflamatorio-y-dolores","9":"product_tag-cuidado-de-piel","10":"product_tag-heredia","11":"product_tag-macrobiotica","12":"product_tag-natural","13":"product_tag-natural-shop","14":"product_tag-san-pablo","16":"first","17":"instock","18":"shipping-taxable","19":"purchasable","20":"product-type-simple"},"jetpack_sharing_enabled":true,"_links":{"self":[{"href":"https:\/\/macronaturalsshop.com\/index.php?rest_route=\/wp\/v2\/product\/3691"}],"collection":[{"href":"https:\/\/macronaturalsshop.com\/index.php?rest_route=\/wp\/v2\/product"}],"about":[{"href":"https:\/\/macronaturalsshop.com\/index.php?rest_route=\/wp\/v2\/types\/product"}],"replies":[{"embeddable":true,"href":"https:\/\/macronaturalsshop.com\/index.php?rest_route=%2Fwp%2Fv2%2Fcomments&post=3691"}],"wp:featuredmedia":[{"embeddable":true,"href":"https:\/\/macronaturalsshop.com\/index.php?rest_route=\/wp\/v2\/media\/3692"}],"wp:attachment":[{"href":"https:\/\/macronaturalsshop.com\/index.php?rest_route=%2Fwp%2Fv2%2Fmedia&parent=3691"}],"wp:term":[{"taxonomy":"product_brand","embeddable":true,"href":"https:\/\/macronaturalsshop.com\/index.php?rest_route=%2Fwp%2Fv2%2Fproduct_brand&post=3691"},{"taxonomy":"product_cat","embeddable":true,"href":"https:\/\/macronaturalsshop.com\/index.php?rest_route=%2Fwp%2Fv2%2Fproduct_cat&post=3691"},{"taxonomy":"product_tag","embeddable":true,"href":"https:\/\/macronaturalsshop.com\/index.php?rest_route=%2Fwp%2Fv2%2Fproduct_tag&post=3691"}],"curies":[{"name":"wp","href":"https:\/\/api.w.org\/{rel}","templated":true}]}}