{"id":3695,"date":"2025-09-08T01:02:07","date_gmt":"2025-09-08T01:02:07","guid":{"rendered":"https:\/\/macronaturalsshop.com\/?post_type=product&#038;p=3695"},"modified":"2025-09-08T14:37:06","modified_gmt":"2025-09-08T14:37:06","slug":"aceite-esencial-laurel-10ml","status":"publish","type":"product","link":"https:\/\/macronaturalsshop.com\/?product=aceite-esencial-laurel-10ml","title":{"rendered":"Aceite Esencial Laurel BIO 5 ml"},"content":{"rendered":"<p>Encontramos el laurel desde la antig\u00fcedad coronando la cabeza tanto de los vencedores en la arena como en la del C\u00e9sar. Por otro lado, se trata de un imprescindible en la tradici\u00f3n culinaria. No hay cocina que se precie que no cuente con un buen n\u00famero de hojas de laurel secas esperando, pacientemente, para aderezar cualquier guiso. Su aceite esencial va cogiendo protagonismo en el mundo de la aromaterapia debido a su versatilidad, sus m\u00faltiples propiedades y sus escasas contraindicaciones.<\/p>\n","protected":false},"excerpt":{"rendered":"<p>El aceite esencial de laurel es bueno como analg\u00e9sico para dolores musculares, articulares y reum\u00e1ticos, estimulante para el crecimiento capilar, antis\u00e9ptico y antiviral para afecciones respiratorias, y para mejorar la concentraci\u00f3n y el estado de \u00e1nimo.<\/p>\n","protected":false},"featured_media":3696,"comment_status":"open","ping_status":"closed","template":"","meta":[],"product_brand":[463],"product_cat":[374],"product_tag":[502,500,501,520,503],"class_list":{"0":"post-3695","1":"product","2":"type-product","3":"status-publish","4":"has-post-thumbnail","6":"product_brand-drasanvi","7":"product_cat-aceites-esenciales","8":"product_tag-heredia","9":"product_tag-macrobiotica","10":"product_tag-natural","11":"product_tag-natural-shop","12":"product_tag-san-pablo","14":"first","15":"instock","16":"shipping-taxable","17":"purchasable","18":"product-type-simple"},"jetpack_sharing_enabled":true,"_links":{"self":[{"href":"https:\/\/macronaturalsshop.com\/index.php?rest_route=\/wp\/v2\/product\/3695"}],"collection":[{"href":"https:\/\/macronaturalsshop.com\/index.php?rest_route=\/wp\/v2\/product"}],"about":[{"href":"https:\/\/macronaturalsshop.com\/index.php?rest_route=\/wp\/v2\/types\/product"}],"replies":[{"embeddable":true,"href":"https:\/\/macronaturalsshop.com\/index.php?rest_route=%2Fwp%2Fv2%2Fcomments&post=3695"}],"wp:featuredmedia":[{"embeddable":true,"href":"https:\/\/macronaturalsshop.com\/index.php?rest_route=\/wp\/v2\/media\/3696"}],"wp:attachment":[{"href":"https:\/\/macronaturalsshop.com\/index.php?rest_route=%2Fwp%2Fv2%2Fmedia&parent=3695"}],"wp:term":[{"taxonomy":"product_brand","embeddable":true,"href":"https:\/\/macronaturalsshop.com\/index.php?rest_route=%2Fwp%2Fv2%2Fproduct_brand&post=3695"},{"taxonomy":"product_cat","embeddable":true,"href":"https:\/\/macronaturalsshop.com\/index.php?rest_route=%2Fwp%2Fv2%2Fproduct_cat&post=3695"},{"taxonomy":"product_tag","embeddable":true,"href":"https:\/\/macronaturalsshop.com\/index.php?rest_route=%2Fwp%2Fv2%2Fproduct_tag&post=3695"}],"curies":[{"name":"wp","href":"https:\/\/api.w.org\/{rel}","templated":true}]}}