{"id":3697,"date":"2025-09-08T01:03:40","date_gmt":"2025-09-08T01:03:40","guid":{"rendered":"https:\/\/macronaturalsshop.com\/?post_type=product&#038;p=3697"},"modified":"2025-09-08T14:41:06","modified_gmt":"2025-09-08T14:41:06","slug":"aceite-esencial-niauli-10ml","status":"publish","type":"product","link":"https:\/\/macronaturalsshop.com\/?product=aceite-esencial-niauli-10ml","title":{"rendered":"Aceite Esencial Niaul\u00ed BIO 10 ml"},"content":{"rendered":"<p>El niaul\u00ed pertenece a la familia de las melaleucas, al igual que el preciado aceite esencial de \u00e1rbol del t\u00e9. Aunque, diferente en composici\u00f3n, tambi\u00e9n, podemos considerar el niaul\u00ed un aceite esencial de referencia por sus m\u00faltiples usos y su perfecta tolerancia. Por otro lado, su contenido en 1,8-cineol, hace de \u00e9l un aceite esencial de cabecera en meses invernales y tiempos de patolog\u00edas virales.<\/p>\n","protected":false},"excerpt":{"rendered":"<p>El aceite esencial de Niauli es \u00fatil por sus propiedades antis\u00e9pticas, antibacterianas, antivirales y expectorantes, que lo hacen beneficioso para el sistema respiratorio, la piel y el alivio muscular.<\/p>\n","protected":false},"featured_media":3698,"comment_status":"open","ping_status":"closed","template":"","meta":[],"product_brand":[463],"product_cat":[374],"product_tag":[502,500,501,520,503],"class_list":{"0":"post-3697","1":"product","2":"type-product","3":"status-publish","4":"has-post-thumbnail","6":"product_brand-drasanvi","7":"product_cat-aceites-esenciales","8":"product_tag-heredia","9":"product_tag-macrobiotica","10":"product_tag-natural","11":"product_tag-natural-shop","12":"product_tag-san-pablo","14":"first","15":"instock","16":"shipping-taxable","17":"purchasable","18":"product-type-simple"},"jetpack_sharing_enabled":true,"_links":{"self":[{"href":"https:\/\/macronaturalsshop.com\/index.php?rest_route=\/wp\/v2\/product\/3697"}],"collection":[{"href":"https:\/\/macronaturalsshop.com\/index.php?rest_route=\/wp\/v2\/product"}],"about":[{"href":"https:\/\/macronaturalsshop.com\/index.php?rest_route=\/wp\/v2\/types\/product"}],"replies":[{"embeddable":true,"href":"https:\/\/macronaturalsshop.com\/index.php?rest_route=%2Fwp%2Fv2%2Fcomments&post=3697"}],"wp:featuredmedia":[{"embeddable":true,"href":"https:\/\/macronaturalsshop.com\/index.php?rest_route=\/wp\/v2\/media\/3698"}],"wp:attachment":[{"href":"https:\/\/macronaturalsshop.com\/index.php?rest_route=%2Fwp%2Fv2%2Fmedia&parent=3697"}],"wp:term":[{"taxonomy":"product_brand","embeddable":true,"href":"https:\/\/macronaturalsshop.com\/index.php?rest_route=%2Fwp%2Fv2%2Fproduct_brand&post=3697"},{"taxonomy":"product_cat","embeddable":true,"href":"https:\/\/macronaturalsshop.com\/index.php?rest_route=%2Fwp%2Fv2%2Fproduct_cat&post=3697"},{"taxonomy":"product_tag","embeddable":true,"href":"https:\/\/macronaturalsshop.com\/index.php?rest_route=%2Fwp%2Fv2%2Fproduct_tag&post=3697"}],"curies":[{"name":"wp","href":"https:\/\/api.w.org\/{rel}","templated":true}]}}