{"id":3703,"date":"2025-09-08T01:07:33","date_gmt":"2025-09-08T01:07:33","guid":{"rendered":"https:\/\/macronaturalsshop.com\/?post_type=product&#038;p=3703"},"modified":"2025-09-08T14:59:42","modified_gmt":"2025-09-08T14:59:42","slug":"aloe-vera-vitamina-e-magnesio-60cap","status":"publish","type":"product","link":"https:\/\/macronaturalsshop.com\/?product=aloe-vera-vitamina-e-magnesio-60cap","title":{"rendered":"Aloe Vera Nutrabasics"},"content":{"rendered":"<p>El Aloe vera es una de las plantas m\u00e1s conocidas y usadas en la actualidad. Sus usos y aplicaciones son innumerables. Existen m\u00e1s de 250 especies de reconocidas, siendo la m\u00e1s rica en vitaminas, minerales y amino\u00e1cidos el aloe vera barbadensis Miller. Esta especie est\u00e1 indicada para el apoyo a la salud gastrointestinal, ayuda a la digesti\u00f3n y el mantenimiento de las funciones intestinales.<\/p>\n","protected":false},"excerpt":{"rendered":"<p>Apoyo a la salud gastrointestinal, ayuda a la digesti\u00f3n y el mantenimiento de las funciones intestinales.<\/p>\n","protected":false},"featured_media":3704,"comment_status":"open","ping_status":"closed","template":"","meta":[],"product_brand":[463],"product_cat":[396],"product_tag":[541,502,500,501,520,503],"class_list":{"0":"post-3703","1":"product","2":"type-product","3":"status-publish","4":"has-post-thumbnail","6":"product_brand-drasanvi","7":"product_cat-sistema-digestivo","8":"product_tag-digestion","9":"product_tag-heredia","10":"product_tag-macrobiotica","11":"product_tag-natural","12":"product_tag-natural-shop","13":"product_tag-san-pablo","15":"first","16":"instock","17":"shipping-taxable","18":"purchasable","19":"product-type-simple"},"jetpack_sharing_enabled":true,"_links":{"self":[{"href":"https:\/\/macronaturalsshop.com\/index.php?rest_route=\/wp\/v2\/product\/3703"}],"collection":[{"href":"https:\/\/macronaturalsshop.com\/index.php?rest_route=\/wp\/v2\/product"}],"about":[{"href":"https:\/\/macronaturalsshop.com\/index.php?rest_route=\/wp\/v2\/types\/product"}],"replies":[{"embeddable":true,"href":"https:\/\/macronaturalsshop.com\/index.php?rest_route=%2Fwp%2Fv2%2Fcomments&post=3703"}],"wp:featuredmedia":[{"embeddable":true,"href":"https:\/\/macronaturalsshop.com\/index.php?rest_route=\/wp\/v2\/media\/3704"}],"wp:attachment":[{"href":"https:\/\/macronaturalsshop.com\/index.php?rest_route=%2Fwp%2Fv2%2Fmedia&parent=3703"}],"wp:term":[{"taxonomy":"product_brand","embeddable":true,"href":"https:\/\/macronaturalsshop.com\/index.php?rest_route=%2Fwp%2Fv2%2Fproduct_brand&post=3703"},{"taxonomy":"product_cat","embeddable":true,"href":"https:\/\/macronaturalsshop.com\/index.php?rest_route=%2Fwp%2Fv2%2Fproduct_cat&post=3703"},{"taxonomy":"product_tag","embeddable":true,"href":"https:\/\/macronaturalsshop.com\/index.php?rest_route=%2Fwp%2Fv2%2Fproduct_tag&post=3703"}],"curies":[{"name":"wp","href":"https:\/\/api.w.org\/{rel}","templated":true}]}}