{"id":3705,"date":"2025-09-08T01:10:49","date_gmt":"2025-09-08T01:10:49","guid":{"rendered":"https:\/\/macronaturalsshop.com\/?post_type=product&#038;p=3705"},"modified":"2025-09-08T15:14:10","modified_gmt":"2025-09-08T15:14:10","slug":"botanical-bio-boldo-50ml","status":"publish","type":"product","link":"https:\/\/macronaturalsshop.com\/?product=botanical-bio-boldo-50ml","title":{"rendered":"Glicerinado de Boldo 50 ml Botanical Bio"},"content":{"rendered":"<p>El Boldo es un \u00e1rbol de la familia de las Monimi\u00e1ceas. Originario de Sudam\u00e9rica, crece en zonas silvestres y templadas de las regiones andinas de Chile y Argentina y en la sierra sur de Per\u00fa. El fruto de este \u00e1rbol se come, tanto crudo como cocinado, desde la \u00e9poca precolombina. De la planta se aprovechan tanto su corteza como sus hojas. Su composici\u00f3n es rica en Aceites Esenciales como Elcineol, Eucaliptol y el Ascaridiol, as\u00ed como en Flavonoides y Taninos. Hemos seleccionado un extracto glicerinado de Boldo con un ratio 1:5. Esto significa que por cada gramo de extracto se han utilizado 5 gramos de planta. Adem\u00e1s, nuestro extracto glicerinado de Boldo est\u00e1 titulado en Boldina 0,5 mg\/ ml, aportando 1.5 mg al d\u00eda.<\/p>\n","protected":false},"excerpt":{"rendered":"<p>Mejorar la digesti\u00f3n, facilitar la funci\u00f3n del h\u00edgado y la ves\u00edcula biliar, aliviar la hinchaz\u00f3n, y apoyar la eliminaci\u00f3n de grasas y el colesterol del organismo<\/p>\n","protected":false},"featured_media":3710,"comment_status":"open","ping_status":"closed","template":"","meta":[],"product_brand":[463],"product_cat":[374],"product_tag":[502,500,501,520,503],"class_list":{"0":"post-3705","1":"product","2":"type-product","3":"status-publish","4":"has-post-thumbnail","6":"product_brand-drasanvi","7":"product_cat-aceites-esenciales","8":"product_tag-heredia","9":"product_tag-macrobiotica","10":"product_tag-natural","11":"product_tag-natural-shop","12":"product_tag-san-pablo","14":"first","15":"instock","16":"shipping-taxable","17":"purchasable","18":"product-type-simple"},"jetpack_sharing_enabled":true,"_links":{"self":[{"href":"https:\/\/macronaturalsshop.com\/index.php?rest_route=\/wp\/v2\/product\/3705"}],"collection":[{"href":"https:\/\/macronaturalsshop.com\/index.php?rest_route=\/wp\/v2\/product"}],"about":[{"href":"https:\/\/macronaturalsshop.com\/index.php?rest_route=\/wp\/v2\/types\/product"}],"replies":[{"embeddable":true,"href":"https:\/\/macronaturalsshop.com\/index.php?rest_route=%2Fwp%2Fv2%2Fcomments&post=3705"}],"wp:featuredmedia":[{"embeddable":true,"href":"https:\/\/macronaturalsshop.com\/index.php?rest_route=\/wp\/v2\/media\/3710"}],"wp:attachment":[{"href":"https:\/\/macronaturalsshop.com\/index.php?rest_route=%2Fwp%2Fv2%2Fmedia&parent=3705"}],"wp:term":[{"taxonomy":"product_brand","embeddable":true,"href":"https:\/\/macronaturalsshop.com\/index.php?rest_route=%2Fwp%2Fv2%2Fproduct_brand&post=3705"},{"taxonomy":"product_cat","embeddable":true,"href":"https:\/\/macronaturalsshop.com\/index.php?rest_route=%2Fwp%2Fv2%2Fproduct_cat&post=3705"},{"taxonomy":"product_tag","embeddable":true,"href":"https:\/\/macronaturalsshop.com\/index.php?rest_route=%2Fwp%2Fv2%2Fproduct_tag&post=3705"}],"curies":[{"name":"wp","href":"https:\/\/api.w.org\/{rel}","templated":true}]}}