{"id":3707,"date":"2025-09-08T01:11:39","date_gmt":"2025-09-08T01:11:39","guid":{"rendered":"https:\/\/macronaturalsshop.com\/?post_type=product&#038;p=3707"},"modified":"2025-09-08T15:56:20","modified_gmt":"2025-09-08T15:56:20","slug":"botanical-cardo-mariano-50-ml","status":"publish","type":"product","link":"https:\/\/macronaturalsshop.com\/?product=botanical-cardo-mariano-50-ml","title":{"rendered":"Glicerinado de Cardo Mariano 50 ml Botanical Bio"},"content":{"rendered":"<p>El Cardo Mariano es una planta originar\u00eda de Europa mediterr\u00e1nea y suroriental, \u00c1frica septentrional y Asia occidental, donde crece en terrenos abiertos y veredas de caminos. Alcanza el metro de altura durante la floraci\u00f3n. Los cap\u00edtulos son morados y provistos de largas espinas. Las semillas de Cardo Mariano contienen un grupo de tres compuestos, Silibinina, Silidianina y Silicristin, que se conocen colectivamente como Silimarina. Tambi\u00e9n est\u00e1n presentes Vitamina C, Betacarotenos y Minerales (Calcio, Magnesio, Potasio y Selenio). Hemos seleccionado un extracto glicerinado de Cardo Mariano con un ratio 1:3. Esto significa que por cada gramo de extracto se han utilizado 3 gramos de planta. Adem\u00e1s, nuestro Extracto Glicerinado de Cardo Mariano est\u00e1 titulado en Silibina 8 mg\/ ml, aportando 24 mg al d\u00eda.<\/p>\n","protected":false},"excerpt":{"rendered":"<p>Los beneficios del cardo mariano incluyen sus\u00a0propiedades protectoras de la mucosa g\u00e1strica.\u00a0Adem\u00e1s, puede combatir los radicales libres y la inflamaci\u00f3n\u00a0gracias a las propiedades de las plantas medicinales.<\/p>\n","protected":false},"featured_media":3712,"comment_status":"open","ping_status":"closed","template":"","meta":[],"product_brand":[463],"product_cat":[396],"product_tag":[502,500,501,520,503],"class_list":{"0":"post-3707","1":"product","2":"type-product","3":"status-publish","4":"has-post-thumbnail","6":"product_brand-drasanvi","7":"product_cat-sistema-digestivo","8":"product_tag-heredia","9":"product_tag-macrobiotica","10":"product_tag-natural","11":"product_tag-natural-shop","12":"product_tag-san-pablo","14":"first","15":"instock","16":"shipping-taxable","17":"purchasable","18":"product-type-simple"},"jetpack_sharing_enabled":true,"_links":{"self":[{"href":"https:\/\/macronaturalsshop.com\/index.php?rest_route=\/wp\/v2\/product\/3707"}],"collection":[{"href":"https:\/\/macronaturalsshop.com\/index.php?rest_route=\/wp\/v2\/product"}],"about":[{"href":"https:\/\/macronaturalsshop.com\/index.php?rest_route=\/wp\/v2\/types\/product"}],"replies":[{"embeddable":true,"href":"https:\/\/macronaturalsshop.com\/index.php?rest_route=%2Fwp%2Fv2%2Fcomments&post=3707"}],"wp:featuredmedia":[{"embeddable":true,"href":"https:\/\/macronaturalsshop.com\/index.php?rest_route=\/wp\/v2\/media\/3712"}],"wp:attachment":[{"href":"https:\/\/macronaturalsshop.com\/index.php?rest_route=%2Fwp%2Fv2%2Fmedia&parent=3707"}],"wp:term":[{"taxonomy":"product_brand","embeddable":true,"href":"https:\/\/macronaturalsshop.com\/index.php?rest_route=%2Fwp%2Fv2%2Fproduct_brand&post=3707"},{"taxonomy":"product_cat","embeddable":true,"href":"https:\/\/macronaturalsshop.com\/index.php?rest_route=%2Fwp%2Fv2%2Fproduct_cat&post=3707"},{"taxonomy":"product_tag","embeddable":true,"href":"https:\/\/macronaturalsshop.com\/index.php?rest_route=%2Fwp%2Fv2%2Fproduct_tag&post=3707"}],"curies":[{"name":"wp","href":"https:\/\/api.w.org\/{rel}","templated":true}]}}