{"id":3715,"date":"2025-09-12T01:01:36","date_gmt":"2025-09-12T01:01:36","guid":{"rendered":"https:\/\/macronaturalsshop.com\/?post_type=product&#038;p=3715"},"modified":"2025-09-12T23:57:42","modified_gmt":"2025-09-12T23:57:42","slug":"botanical-pasiflora-50-ml","status":"publish","type":"product","link":"https:\/\/macronaturalsshop.com\/?product=botanical-pasiflora-50-ml","title":{"rendered":"Glicerinado de Pasiflora 50 ml Botanical Bio"},"content":{"rendered":"<p>La Pasiflora es una planta caracterizada por tener una flor muy llamativa y un fruto muy sabroso; el Maracuy\u00e1. Tambi\u00e9n es conocida como Flor de la pasi\u00f3n o la pasionaria. Se utilizan las partes a\u00e9reas ricas en principios activos como Flavonoides, Fenoles y Aceites esenciales. Hemos seleccionado un extracto glicerinado de Pasiflora con un ratio 1:4. Esto significa que por cada gramo de extracto se han utilizado 4 gramos de planta. Nuestro extracto glicerinado de Pasiflora est\u00e1 titulado en Harmano 0,02 mg\/ ml, aportando 0,06 mg al d\u00eda.<\/p>\n","protected":false},"excerpt":{"rendered":"<p>Extracto de\u00a0pasiflora\u00a0para\u00a0promover la relajaci\u00f3n y combatir el insomnio.<\/p>\n","protected":false},"featured_media":5389,"comment_status":"open","ping_status":"closed","template":"","meta":[],"product_brand":[463],"product_cat":[404],"product_tag":[502,500,501,520,503,574],"class_list":{"0":"post-3715","1":"product","2":"type-product","3":"status-publish","4":"has-post-thumbnail","6":"product_brand-drasanvi","7":"product_cat-ansiedad-y-estres","8":"product_tag-heredia","9":"product_tag-macrobiotica","10":"product_tag-natural","11":"product_tag-natural-shop","12":"product_tag-san-pablo","13":"product_tag-sueno","15":"first","16":"instock","17":"shipping-taxable","18":"purchasable","19":"product-type-simple"},"jetpack_sharing_enabled":true,"_links":{"self":[{"href":"https:\/\/macronaturalsshop.com\/index.php?rest_route=\/wp\/v2\/product\/3715"}],"collection":[{"href":"https:\/\/macronaturalsshop.com\/index.php?rest_route=\/wp\/v2\/product"}],"about":[{"href":"https:\/\/macronaturalsshop.com\/index.php?rest_route=\/wp\/v2\/types\/product"}],"replies":[{"embeddable":true,"href":"https:\/\/macronaturalsshop.com\/index.php?rest_route=%2Fwp%2Fv2%2Fcomments&post=3715"}],"wp:featuredmedia":[{"embeddable":true,"href":"https:\/\/macronaturalsshop.com\/index.php?rest_route=\/wp\/v2\/media\/5389"}],"wp:attachment":[{"href":"https:\/\/macronaturalsshop.com\/index.php?rest_route=%2Fwp%2Fv2%2Fmedia&parent=3715"}],"wp:term":[{"taxonomy":"product_brand","embeddable":true,"href":"https:\/\/macronaturalsshop.com\/index.php?rest_route=%2Fwp%2Fv2%2Fproduct_brand&post=3715"},{"taxonomy":"product_cat","embeddable":true,"href":"https:\/\/macronaturalsshop.com\/index.php?rest_route=%2Fwp%2Fv2%2Fproduct_cat&post=3715"},{"taxonomy":"product_tag","embeddable":true,"href":"https:\/\/macronaturalsshop.com\/index.php?rest_route=%2Fwp%2Fv2%2Fproduct_tag&post=3715"}],"curies":[{"name":"wp","href":"https:\/\/api.w.org\/{rel}","templated":true}]}}