{"id":3716,"date":"2025-09-12T01:02:29","date_gmt":"2025-09-12T01:02:29","guid":{"rendered":"https:\/\/macronaturalsshop.com\/?post_type=product&#038;p=3716"},"modified":"2025-09-13T00:01:32","modified_gmt":"2025-09-13T00:01:32","slug":"botanical-romero-50-ml","status":"publish","type":"product","link":"https:\/\/macronaturalsshop.com\/?product=botanical-romero-50-ml","title":{"rendered":"Glicerinado Romero 50 ml Botanical BIO"},"content":{"rendered":"<p>El Romero es un arbusto arom\u00e1tico muy conocido y se utiliza como especia en la cocina mediterr\u00e1nea. \u00a0Es rico en Aceites esenciales, Flavonoides y Minerales. Hemos seleccionado un extracto glicerinado de Romero con un ratio 1:3. Esto significa que por cada gramo de extracto se han utilizado 3 gramos de planta. Nuestro extracto glicerinado de Romero est\u00e1 titulado en Triterpenos \u00a010 mg\/ ml, aportando 30 mg al d\u00eda.<\/p>\n","protected":false},"excerpt":{"rendered":"<p>El Glicerinado Romero es un extracto ecol\u00f3gico de romero, sirve como\u00a0apoyo para el sistema digestivo, hep\u00e1tico y respiratorio gracias a sus propiedades diur\u00e9ticas, antiinflamatorias y antimicrobianas.\u00a0Tambi\u00e9n funciona como antioxidante, ayuda a la memoria y concentraci\u00f3n, estimula la circulaci\u00f3n sangu\u00ednea y contiene flavonoides y minerales.<\/p>\n","protected":false},"featured_media":5390,"comment_status":"open","ping_status":"closed","template":"","meta":[],"product_brand":[463],"product_cat":[396],"product_tag":[615,553,502,501,520,503],"class_list":{"0":"post-3716","1":"product","2":"type-product","3":"status-publish","4":"has-post-thumbnail","6":"product_brand-drasanvi","7":"product_cat-sistema-digestivo","8":"product_tag-antiinflamatorio","9":"product_tag-circulacion","10":"product_tag-heredia","11":"product_tag-natural","12":"product_tag-natural-shop","13":"product_tag-san-pablo","15":"first","16":"instock","17":"shipping-taxable","18":"purchasable","19":"product-type-simple"},"jetpack_sharing_enabled":true,"_links":{"self":[{"href":"https:\/\/macronaturalsshop.com\/index.php?rest_route=\/wp\/v2\/product\/3716"}],"collection":[{"href":"https:\/\/macronaturalsshop.com\/index.php?rest_route=\/wp\/v2\/product"}],"about":[{"href":"https:\/\/macronaturalsshop.com\/index.php?rest_route=\/wp\/v2\/types\/product"}],"replies":[{"embeddable":true,"href":"https:\/\/macronaturalsshop.com\/index.php?rest_route=%2Fwp%2Fv2%2Fcomments&post=3716"}],"wp:featuredmedia":[{"embeddable":true,"href":"https:\/\/macronaturalsshop.com\/index.php?rest_route=\/wp\/v2\/media\/5390"}],"wp:attachment":[{"href":"https:\/\/macronaturalsshop.com\/index.php?rest_route=%2Fwp%2Fv2%2Fmedia&parent=3716"}],"wp:term":[{"taxonomy":"product_brand","embeddable":true,"href":"https:\/\/macronaturalsshop.com\/index.php?rest_route=%2Fwp%2Fv2%2Fproduct_brand&post=3716"},{"taxonomy":"product_cat","embeddable":true,"href":"https:\/\/macronaturalsshop.com\/index.php?rest_route=%2Fwp%2Fv2%2Fproduct_cat&post=3716"},{"taxonomy":"product_tag","embeddable":true,"href":"https:\/\/macronaturalsshop.com\/index.php?rest_route=%2Fwp%2Fv2%2Fproduct_tag&post=3716"}],"curies":[{"name":"wp","href":"https:\/\/api.w.org\/{rel}","templated":true}]}}