{"id":3720,"date":"2025-09-12T01:03:08","date_gmt":"2025-09-12T01:03:08","guid":{"rendered":"https:\/\/macronaturalsshop.com\/?post_type=product&#038;p=3720"},"modified":"2025-09-13T02:41:24","modified_gmt":"2025-09-13T02:41:24","slug":"cbd-arcilla-140g","status":"publish","type":"product","link":"https:\/\/macronaturalsshop.com\/?product=cbd-arcilla-140g","title":{"rendered":"CBD + 3 Arcillas 140 g"},"content":{"rendered":"<p>Este preparado de CBD y mezcla de arcillas est\u00e1 destinado a un tratamiento intensivo de cuidado y desintoxicaci\u00f3n de la piel, que permite calmar y limpiar cara y cuerpo.<\/p>\n<p>Gracias a los beneficios de su f\u00f3rmula, a base de los terpenos naturales de las plantas de c\u00e1\u00f1amo y otros cannabinoides\u00a0combinados con arcilla verde, blanca y tierra de diatomeas, obtenemos un producto apto para pieles sensibles y problem\u00e1ticas. Estas arcillas, que ya eran muy utilizadas en el antiguo Egipto, contienen oligoelementos e innumerables propiedades.<\/p>\n","protected":false},"excerpt":{"rendered":"<p>Sirve para el cuidado intensivo y la desintoxicaci\u00f3n de la piel, gracias a la combinaci\u00f3n de los beneficios calmantes y antiinflamatorios del CBD con las propiedades purificadoras de las\u00a0arcillas verde y blanca,\u00a0y la\u00a0tierra de diatomeas.\u00a0Es adecuado para el rostro y el cuerpo, ayuda a calmar y limpiar la piel, mejorar la higiene, y est\u00e1 indicado para pieles sensibles y problem\u00e1ticas.<\/p>\n","protected":false},"featured_media":3721,"comment_status":"open","ping_status":"closed","template":"","meta":[],"product_brand":[463],"product_cat":[419,408],"product_tag":[502,500,501,520,509,503],"class_list":{"0":"post-3720","1":"product","2":"type-product","3":"status-publish","4":"has-post-thumbnail","6":"product_brand-drasanvi","7":"product_cat-cbd","8":"product_cat-cuidado-personal","9":"product_tag-heredia","10":"product_tag-macrobiotica","11":"product_tag-natural","12":"product_tag-natural-shop","13":"product_tag-piel","14":"product_tag-san-pablo","16":"first","17":"instock","18":"shipping-taxable","19":"purchasable","20":"product-type-simple"},"jetpack_sharing_enabled":true,"_links":{"self":[{"href":"https:\/\/macronaturalsshop.com\/index.php?rest_route=\/wp\/v2\/product\/3720"}],"collection":[{"href":"https:\/\/macronaturalsshop.com\/index.php?rest_route=\/wp\/v2\/product"}],"about":[{"href":"https:\/\/macronaturalsshop.com\/index.php?rest_route=\/wp\/v2\/types\/product"}],"replies":[{"embeddable":true,"href":"https:\/\/macronaturalsshop.com\/index.php?rest_route=%2Fwp%2Fv2%2Fcomments&post=3720"}],"wp:featuredmedia":[{"embeddable":true,"href":"https:\/\/macronaturalsshop.com\/index.php?rest_route=\/wp\/v2\/media\/3721"}],"wp:attachment":[{"href":"https:\/\/macronaturalsshop.com\/index.php?rest_route=%2Fwp%2Fv2%2Fmedia&parent=3720"}],"wp:term":[{"taxonomy":"product_brand","embeddable":true,"href":"https:\/\/macronaturalsshop.com\/index.php?rest_route=%2Fwp%2Fv2%2Fproduct_brand&post=3720"},{"taxonomy":"product_cat","embeddable":true,"href":"https:\/\/macronaturalsshop.com\/index.php?rest_route=%2Fwp%2Fv2%2Fproduct_cat&post=3720"},{"taxonomy":"product_tag","embeddable":true,"href":"https:\/\/macronaturalsshop.com\/index.php?rest_route=%2Fwp%2Fv2%2Fproduct_tag&post=3720"}],"curies":[{"name":"wp","href":"https:\/\/api.w.org\/{rel}","templated":true}]}}