{"id":3722,"date":"2025-09-12T01:05:50","date_gmt":"2025-09-12T01:05:50","guid":{"rendered":"https:\/\/macronaturalsshop.com\/?post_type=product&#038;p=3722"},"modified":"2025-09-13T03:11:32","modified_gmt":"2025-09-13T03:11:32","slug":"champu-biotina-cabello-graso-1l","status":"publish","type":"product","link":"https:\/\/macronaturalsshop.com\/?product=champu-biotina-cabello-graso-1l","title":{"rendered":"Champ\u00fa Biotina y Aloe Vera Cabello Graso 1 L"},"content":{"rendered":"<p>Champ\u00fa especialmente dise\u00f1ado para cabellos grasos. Ayuda a limpiar el exceso de sebo depositado en la fibra capilar proporcionando un acabado m\u00e1s suave y sin brillos. Se obtiene un cabello m\u00e1s natural y sin sensaci\u00f3n de pesadez. Formulado con una combinaci\u00f3n de activos seboreguladores que, no s\u00f3lo ayudan a eliminar el exceso de grasa, sino que tambi\u00e9n ayudan a minimizar la aparici\u00f3n de caspa.<\/p>\n","protected":false},"excerpt":{"rendered":"<p>Ayuda a limpiar el exceso de sebo depositado en la fibra capilar proporcionando un acabado m\u00e1s suave y sin brillos.<\/p>\n","protected":false},"featured_media":5393,"comment_status":"open","ping_status":"closed","template":"","meta":[],"product_brand":[463],"product_cat":[408],"product_tag":[517,518,502,520,503],"class_list":{"0":"post-3722","1":"product","2":"type-product","3":"status-publish","4":"has-post-thumbnail","6":"product_brand-drasanvi","7":"product_cat-cuidado-personal","8":"product_tag-brillo-en-cabello","9":"product_tag-cabello-sano","10":"product_tag-heredia","11":"product_tag-natural-shop","12":"product_tag-san-pablo","14":"first","15":"instock","16":"shipping-taxable","17":"purchasable","18":"product-type-simple"},"jetpack_sharing_enabled":true,"_links":{"self":[{"href":"https:\/\/macronaturalsshop.com\/index.php?rest_route=\/wp\/v2\/product\/3722"}],"collection":[{"href":"https:\/\/macronaturalsshop.com\/index.php?rest_route=\/wp\/v2\/product"}],"about":[{"href":"https:\/\/macronaturalsshop.com\/index.php?rest_route=\/wp\/v2\/types\/product"}],"replies":[{"embeddable":true,"href":"https:\/\/macronaturalsshop.com\/index.php?rest_route=%2Fwp%2Fv2%2Fcomments&post=3722"}],"wp:featuredmedia":[{"embeddable":true,"href":"https:\/\/macronaturalsshop.com\/index.php?rest_route=\/wp\/v2\/media\/5393"}],"wp:attachment":[{"href":"https:\/\/macronaturalsshop.com\/index.php?rest_route=%2Fwp%2Fv2%2Fmedia&parent=3722"}],"wp:term":[{"taxonomy":"product_brand","embeddable":true,"href":"https:\/\/macronaturalsshop.com\/index.php?rest_route=%2Fwp%2Fv2%2Fproduct_brand&post=3722"},{"taxonomy":"product_cat","embeddable":true,"href":"https:\/\/macronaturalsshop.com\/index.php?rest_route=%2Fwp%2Fv2%2Fproduct_cat&post=3722"},{"taxonomy":"product_tag","embeddable":true,"href":"https:\/\/macronaturalsshop.com\/index.php?rest_route=%2Fwp%2Fv2%2Fproduct_tag&post=3722"}],"curies":[{"name":"wp","href":"https:\/\/api.w.org\/{rel}","templated":true}]}}