{"id":3726,"date":"2025-09-12T01:06:42","date_gmt":"2025-09-12T01:06:42","guid":{"rendered":"https:\/\/macronaturalsshop.com\/?post_type=product&#038;p=3726"},"modified":"2025-09-13T03:23:42","modified_gmt":"2025-09-13T03:23:42","slug":"ginkgo-plus-30cap","status":"publish","type":"product","link":"https:\/\/macronaturalsshop.com\/?product=ginkgo-plus-30cap","title":{"rendered":"Ginkgo Plus"},"content":{"rendered":"<p><strong>PROPIEDADES DEL GINKGO PLUS DE DRASANVI<\/strong><\/p>\n<ul>\n<li>100% extracto de hoja de Ginkgo Biloba<\/li>\n<li>Totalmente natural<\/li>\n<li>Mejora los tiempos de recuperaci\u00f3n \u00f3sea y celular<\/li>\n<li>Frena la acci\u00f3n degenerativa de los radicales libres<\/li>\n<li>Mejora niveles de energ\u00eda y vitalidad<\/li>\n<li>Retrasa el envejecimiento<\/li>\n<li>Mejora el estado de \u00e1nimo<\/li>\n<li>Depura las c\u00e9lulas muertas<\/li>\n<li>Previene la muerte celular<\/li>\n<\/ul>\n","protected":false},"excerpt":{"rendered":"<p>Ginkgo Plus es un complemento alimenticio a base de Ginkgo Biloba. Sualta concentraci\u00f3n permite una toma f\u00e1cil, al necesitar una sola c\u00e1psula ald\u00eda. Ginkgo Biloba de Drasanvi, incorpora Ginkgo Biloba en forma depolvo y extracto seco, rico en Ginkgoflavonoides y Lactonas.<\/p>\n","protected":false},"featured_media":5396,"comment_status":"open","ping_status":"closed","template":"","meta":[],"product_brand":[463],"product_cat":[379],"product_tag":[502,500,520,503],"class_list":{"0":"post-3726","1":"product","2":"type-product","3":"status-publish","4":"has-post-thumbnail","6":"product_brand-drasanvi","7":"product_cat-sistema-inmunologico","8":"product_tag-heredia","9":"product_tag-macrobiotica","10":"product_tag-natural-shop","11":"product_tag-san-pablo","13":"first","14":"instock","15":"shipping-taxable","16":"purchasable","17":"product-type-simple"},"jetpack_sharing_enabled":true,"_links":{"self":[{"href":"https:\/\/macronaturalsshop.com\/index.php?rest_route=\/wp\/v2\/product\/3726"}],"collection":[{"href":"https:\/\/macronaturalsshop.com\/index.php?rest_route=\/wp\/v2\/product"}],"about":[{"href":"https:\/\/macronaturalsshop.com\/index.php?rest_route=\/wp\/v2\/types\/product"}],"replies":[{"embeddable":true,"href":"https:\/\/macronaturalsshop.com\/index.php?rest_route=%2Fwp%2Fv2%2Fcomments&post=3726"}],"wp:featuredmedia":[{"embeddable":true,"href":"https:\/\/macronaturalsshop.com\/index.php?rest_route=\/wp\/v2\/media\/5396"}],"wp:attachment":[{"href":"https:\/\/macronaturalsshop.com\/index.php?rest_route=%2Fwp%2Fv2%2Fmedia&parent=3726"}],"wp:term":[{"taxonomy":"product_brand","embeddable":true,"href":"https:\/\/macronaturalsshop.com\/index.php?rest_route=%2Fwp%2Fv2%2Fproduct_brand&post=3726"},{"taxonomy":"product_cat","embeddable":true,"href":"https:\/\/macronaturalsshop.com\/index.php?rest_route=%2Fwp%2Fv2%2Fproduct_cat&post=3726"},{"taxonomy":"product_tag","embeddable":true,"href":"https:\/\/macronaturalsshop.com\/index.php?rest_route=%2Fwp%2Fv2%2Fproduct_tag&post=3726"}],"curies":[{"name":"wp","href":"https:\/\/api.w.org\/{rel}","templated":true}]}}