{"id":3728,"date":"2025-09-12T01:07:59","date_gmt":"2025-09-12T01:07:59","guid":{"rendered":"https:\/\/macronaturalsshop.com\/?post_type=product&#038;p=3728"},"modified":"2025-09-13T03:31:14","modified_gmt":"2025-09-13T03:31:14","slug":"harina-psyllium-keto-200g","status":"publish","type":"product","link":"https:\/\/macronaturalsshop.com\/?product=harina-psyllium-keto-200g","title":{"rendered":"Psyllium Bio 200 g Keto"},"content":{"rendered":"<p>El psyllium, planta originaria de la India,\u00a0 es una fibra soluble derivada de las semillas de\u00a0<em>Plantago ovata\u00a0<\/em>tambi\u00e9n conocida como\u00a0<em>zaragatona.\u00a0<\/em>El psyllium es rico en fibra (soluble)\u00a0 Debido a su excelente solubilidad en agua, el psyllium puede absorber l\u00edquido y convertirse en un compuesto viscoso y espeso que resiste la digesti\u00f3n en el intestino delgado.<\/p>\n","protected":false},"excerpt":{"rendered":"<p>Es un laxante suave que promueve el aumento del bolo intestinal, absorbe el l\u00edquido en los intestinos, aumenta y forma heces voluminosas, haciendo m\u00e1s sencilla su expulsi\u00f3n, tiene un efecto prebi\u00f3tico, por lo que no da\u00f1a la microbiota intestinal.<\/p>\n","protected":false},"featured_media":5398,"comment_status":"open","ping_status":"closed","template":"","meta":[],"product_brand":[463],"product_cat":[421,420],"product_tag":[502,610,639,500,501,503],"class_list":{"0":"post-3728","1":"product","2":"type-product","3":"status-publish","4":"has-post-thumbnail","6":"product_brand-drasanvi","7":"product_cat-alimentos-snacks","8":"product_cat-keto","9":"product_tag-heredia","10":"product_tag-keto","11":"product_tag-laxante","12":"product_tag-macrobiotica","13":"product_tag-natural","14":"product_tag-san-pablo","16":"first","17":"instock","18":"shipping-taxable","19":"purchasable","20":"product-type-simple"},"jetpack_sharing_enabled":true,"_links":{"self":[{"href":"https:\/\/macronaturalsshop.com\/index.php?rest_route=\/wp\/v2\/product\/3728"}],"collection":[{"href":"https:\/\/macronaturalsshop.com\/index.php?rest_route=\/wp\/v2\/product"}],"about":[{"href":"https:\/\/macronaturalsshop.com\/index.php?rest_route=\/wp\/v2\/types\/product"}],"replies":[{"embeddable":true,"href":"https:\/\/macronaturalsshop.com\/index.php?rest_route=%2Fwp%2Fv2%2Fcomments&post=3728"}],"wp:featuredmedia":[{"embeddable":true,"href":"https:\/\/macronaturalsshop.com\/index.php?rest_route=\/wp\/v2\/media\/5398"}],"wp:attachment":[{"href":"https:\/\/macronaturalsshop.com\/index.php?rest_route=%2Fwp%2Fv2%2Fmedia&parent=3728"}],"wp:term":[{"taxonomy":"product_brand","embeddable":true,"href":"https:\/\/macronaturalsshop.com\/index.php?rest_route=%2Fwp%2Fv2%2Fproduct_brand&post=3728"},{"taxonomy":"product_cat","embeddable":true,"href":"https:\/\/macronaturalsshop.com\/index.php?rest_route=%2Fwp%2Fv2%2Fproduct_cat&post=3728"},{"taxonomy":"product_tag","embeddable":true,"href":"https:\/\/macronaturalsshop.com\/index.php?rest_route=%2Fwp%2Fv2%2Fproduct_tag&post=3728"}],"curies":[{"name":"wp","href":"https:\/\/api.w.org\/{rel}","templated":true}]}}