{"id":3730,"date":"2025-09-12T01:10:17","date_gmt":"2025-09-12T01:10:17","guid":{"rendered":"https:\/\/macronaturalsshop.com\/?post_type=product&#038;p=3730"},"modified":"2025-09-13T03:55:15","modified_gmt":"2025-09-13T03:55:15","slug":"acido-hialuronico-vit-c-30-caps","status":"publish","type":"product","link":"https:\/\/macronaturalsshop.com\/?product=acido-hialuronico-vit-c-30-caps","title":{"rendered":"\u00c1cido Hialur\u00f3nico con vitamina C"},"content":{"rendered":"<p>El \u00c1cido Hialur\u00f3nico es un polisac\u00e1rido, az\u00facar, con funci\u00f3n estructural. Presenta una textura viscosa que entra a formar parte de piel, cart\u00edlagos y articulaciones.La uni\u00f3n de las cadenas de carbohidratos forma una estructura compleja, en forma de espiral y con una alta capacidad para retener grandes cantidades de agua.A diferencia de otros complementos de \u00c1cido Hialur\u00f3nico, que consiguen esta sustancia a partir de animales como las aves o el vacuno, las c\u00e1psulas de \u00c1cido Hialur\u00f3nico de Drasanvi se obtienen a partir de\u00a0<strong>fermentaci\u00f3n bacteriana<\/strong>, lo que lo convierte en un producto diferenciador de mayor calidad y apto para vegetarianos.<\/p>\n","protected":false},"excerpt":{"rendered":"<p><span class=\"a-list-item\">BENEFICIOS: Contribuye a la mejora de la piel, cart\u00edlagos y articulaciones<\/span><\/p>\n","protected":false},"featured_media":5400,"comment_status":"open","ping_status":"closed","template":"","meta":[],"product_brand":[463],"product_cat":[393],"product_tag":[558,571,502,500,501,520,509,503],"class_list":{"0":"post-3730","1":"product","2":"type-product","3":"status-publish","4":"has-post-thumbnail","6":"product_brand-drasanvi","7":"product_cat-energia","8":"product_tag-articulaciones","9":"product_tag-cartilagos","10":"product_tag-heredia","11":"product_tag-macrobiotica","12":"product_tag-natural","13":"product_tag-natural-shop","14":"product_tag-piel","15":"product_tag-san-pablo","17":"first","18":"instock","19":"shipping-taxable","20":"purchasable","21":"product-type-simple"},"jetpack_sharing_enabled":true,"_links":{"self":[{"href":"https:\/\/macronaturalsshop.com\/index.php?rest_route=\/wp\/v2\/product\/3730"}],"collection":[{"href":"https:\/\/macronaturalsshop.com\/index.php?rest_route=\/wp\/v2\/product"}],"about":[{"href":"https:\/\/macronaturalsshop.com\/index.php?rest_route=\/wp\/v2\/types\/product"}],"replies":[{"embeddable":true,"href":"https:\/\/macronaturalsshop.com\/index.php?rest_route=%2Fwp%2Fv2%2Fcomments&post=3730"}],"wp:featuredmedia":[{"embeddable":true,"href":"https:\/\/macronaturalsshop.com\/index.php?rest_route=\/wp\/v2\/media\/5400"}],"wp:attachment":[{"href":"https:\/\/macronaturalsshop.com\/index.php?rest_route=%2Fwp%2Fv2%2Fmedia&parent=3730"}],"wp:term":[{"taxonomy":"product_brand","embeddable":true,"href":"https:\/\/macronaturalsshop.com\/index.php?rest_route=%2Fwp%2Fv2%2Fproduct_brand&post=3730"},{"taxonomy":"product_cat","embeddable":true,"href":"https:\/\/macronaturalsshop.com\/index.php?rest_route=%2Fwp%2Fv2%2Fproduct_cat&post=3730"},{"taxonomy":"product_tag","embeddable":true,"href":"https:\/\/macronaturalsshop.com\/index.php?rest_route=%2Fwp%2Fv2%2Fproduct_tag&post=3730"}],"curies":[{"name":"wp","href":"https:\/\/api.w.org\/{rel}","templated":true}]}}