{"id":3734,"date":"2025-09-13T01:01:37","date_gmt":"2025-09-13T01:01:37","guid":{"rendered":"https:\/\/macronaturalsshop.com\/?post_type=product&#038;p=3734"},"modified":"2025-09-13T16:15:15","modified_gmt":"2025-09-13T16:15:15","slug":"jarabe-propolkid-150ml","status":"publish","type":"product","link":"https:\/\/macronaturalsshop.com\/?product=jarabe-propolkid-150ml","title":{"rendered":"Propolkid Jarabe 150 ml"},"content":{"rendered":"<p>Contribuye al funcionamiento normal del sistema inmunitario. Propolkid es un complemento alimenticio pensado para ni\u00f1os mayores de tres a\u00f1os. En su composici\u00f3n se ha utilizado el Pr\u00f3polis, la Equin\u00e1cea, la Acerola, el Sol de Oro y la Miel.Debido a su importancia en la contribuci\u00f3n al funcionamiento normal del sistema inmunitario, hemos a\u00f1adido Vitamina C natural, proveniente de la Acerola. Este fruto rojo es conocido como la fruta con mayor cantidad de Vitamina C. Propolkid posee un sabor agradable de fresa, muy apreciado por los ni\u00f1os.<\/p>\n","protected":false},"excerpt":{"rendered":"<p>Contribuye al funcionamiento normal del sistema inmunitario.<\/p>\n","protected":false},"featured_media":5403,"comment_status":"open","ping_status":"closed","template":"","meta":[],"product_brand":[463],"product_cat":[411,379],"product_tag":[502,500,501,520,503],"class_list":{"0":"post-3734","1":"product","2":"type-product","3":"status-publish","4":"has-post-thumbnail","6":"product_brand-drasanvi","7":"product_cat-ninos","8":"product_cat-sistema-inmunologico","9":"product_tag-heredia","10":"product_tag-macrobiotica","11":"product_tag-natural","12":"product_tag-natural-shop","13":"product_tag-san-pablo","15":"first","16":"instock","17":"shipping-taxable","18":"purchasable","19":"product-type-simple"},"jetpack_sharing_enabled":true,"_links":{"self":[{"href":"https:\/\/macronaturalsshop.com\/index.php?rest_route=\/wp\/v2\/product\/3734"}],"collection":[{"href":"https:\/\/macronaturalsshop.com\/index.php?rest_route=\/wp\/v2\/product"}],"about":[{"href":"https:\/\/macronaturalsshop.com\/index.php?rest_route=\/wp\/v2\/types\/product"}],"replies":[{"embeddable":true,"href":"https:\/\/macronaturalsshop.com\/index.php?rest_route=%2Fwp%2Fv2%2Fcomments&post=3734"}],"wp:featuredmedia":[{"embeddable":true,"href":"https:\/\/macronaturalsshop.com\/index.php?rest_route=\/wp\/v2\/media\/5403"}],"wp:attachment":[{"href":"https:\/\/macronaturalsshop.com\/index.php?rest_route=%2Fwp%2Fv2%2Fmedia&parent=3734"}],"wp:term":[{"taxonomy":"product_brand","embeddable":true,"href":"https:\/\/macronaturalsshop.com\/index.php?rest_route=%2Fwp%2Fv2%2Fproduct_brand&post=3734"},{"taxonomy":"product_cat","embeddable":true,"href":"https:\/\/macronaturalsshop.com\/index.php?rest_route=%2Fwp%2Fv2%2Fproduct_cat&post=3734"},{"taxonomy":"product_tag","embeddable":true,"href":"https:\/\/macronaturalsshop.com\/index.php?rest_route=%2Fwp%2Fv2%2Fproduct_tag&post=3734"}],"curies":[{"name":"wp","href":"https:\/\/api.w.org\/{rel}","templated":true}]}}