{"id":3745,"date":"2025-08-10T11:00:55","date_gmt":"2025-08-10T11:00:55","guid":{"rendered":"https:\/\/macronaturalsshop.com\/?post_type=product&#038;p=3745"},"modified":"2025-08-11T04:08:26","modified_gmt":"2025-08-11T04:08:26","slug":"calcio-carbonato-de-vit-d3-800iu-100tab","status":"publish","type":"product","link":"https:\/\/macronaturalsshop.com\/?product=calcio-carbonato-de-vit-d3-800iu-100tab","title":{"rendered":"Calcium Carbonate 600 + D3 800 IU"},"content":{"rendered":"<p>El calcio es el mineral m\u00e1s abundante en el cuerpo humano, juega un papel esencial en el mantenimiento y solidez de la masa \u00f3sea, as\u00ed como en la prevenci\u00f3n de la osteoporosis. El citrato de calcio se asocia con la vitamina D3 (colecalciferol) que ayuda a absorber el calcio ingerido. Debido a que los aportes de calcio son con frecuencia insuficientes en personas mayores, por lo que CALCIUM CITRATE 600 + D resulta ser un excelente suplemento. De igual manera participa en la prevenci\u00f3n del c\u00e1ncer de colon ya que durante la digesti\u00f3n, los excedentes de calcio neutralizan los \u00e1cidos grasos, ayuda a la contracci\u00f3n de los m\u00fasculos, el latido del coraz\u00f3n, la regulaci\u00f3n de la presi\u00f3n arterial en los vasos sangu\u00edneos, la comunicaci\u00f3n entre las c\u00e9lulas nerviosas y la coagulaci\u00f3n de la sangre.<\/p>\n","protected":false},"excerpt":{"rendered":"<p>Este producto ayuda a la prevenci\u00f3n del c\u00e1ncer de colon ya que durante la digesti\u00f3n, los excedentes de calcio neutralizan los \u00e1cidos grasos, fuente de irritaci\u00f3n de la mucosa intestinal, ayuda a la contracci\u00f3n de los m\u00fasculos, el latido del coraz\u00f3n, la regulaci\u00f3n de la presi\u00f3n arterial en los vasos sangu\u00edneos, la comunicaci\u00f3n entre las c\u00e9lulas nerviosas y la coagulaci\u00f3n de la sangre.<\/p>\n","protected":false},"featured_media":4945,"comment_status":"open","ping_status":"closed","template":"","meta":[],"product_brand":[454],"product_cat":[398],"product_tag":[502,563,500,561,501,520,503],"class_list":{"0":"post-3745","1":"product","2":"type-product","3":"status-publish","4":"has-post-thumbnail","6":"product_brand-alfa","7":"product_cat-vit-y-min","8":"product_tag-heredia","9":"product_tag-huesos","10":"product_tag-macrobiotica","11":"product_tag-musculos","12":"product_tag-natural","13":"product_tag-natural-shop","14":"product_tag-san-pablo","16":"first","17":"instock","18":"shipping-taxable","19":"purchasable","20":"product-type-simple"},"jetpack_sharing_enabled":true,"_links":{"self":[{"href":"https:\/\/macronaturalsshop.com\/index.php?rest_route=\/wp\/v2\/product\/3745"}],"collection":[{"href":"https:\/\/macronaturalsshop.com\/index.php?rest_route=\/wp\/v2\/product"}],"about":[{"href":"https:\/\/macronaturalsshop.com\/index.php?rest_route=\/wp\/v2\/types\/product"}],"replies":[{"embeddable":true,"href":"https:\/\/macronaturalsshop.com\/index.php?rest_route=%2Fwp%2Fv2%2Fcomments&post=3745"}],"wp:featuredmedia":[{"embeddable":true,"href":"https:\/\/macronaturalsshop.com\/index.php?rest_route=\/wp\/v2\/media\/4945"}],"wp:attachment":[{"href":"https:\/\/macronaturalsshop.com\/index.php?rest_route=%2Fwp%2Fv2%2Fmedia&parent=3745"}],"wp:term":[{"taxonomy":"product_brand","embeddable":true,"href":"https:\/\/macronaturalsshop.com\/index.php?rest_route=%2Fwp%2Fv2%2Fproduct_brand&post=3745"},{"taxonomy":"product_cat","embeddable":true,"href":"https:\/\/macronaturalsshop.com\/index.php?rest_route=%2Fwp%2Fv2%2Fproduct_cat&post=3745"},{"taxonomy":"product_tag","embeddable":true,"href":"https:\/\/macronaturalsshop.com\/index.php?rest_route=%2Fwp%2Fv2%2Fproduct_tag&post=3745"}],"curies":[{"name":"wp","href":"https:\/\/api.w.org\/{rel}","templated":true}]}}