{"id":3751,"date":"2025-09-13T01:30:29","date_gmt":"2025-09-13T01:30:29","guid":{"rendered":"https:\/\/macronaturalsshop.com\/?post_type=product&#038;p=3751"},"modified":"2025-09-14T22:25:50","modified_gmt":"2025-09-14T22:25:50","slug":"hierro-65mg-60tab","status":"publish","type":"product","link":"https:\/\/macronaturalsshop.com\/?product=hierro-65mg-60tab","title":{"rendered":"Hierro de 65mg"},"content":{"rendered":"<p>Este producto ha sido desarrollado para suplir las necesidades de los pacientes con d\u00e9ficit de hierro, que presentan anemia ferrop\u00e9nica. El hierro es un mineral de suma importancia, que conforma la hemoglobina (presente en los gl\u00f3bulos rojos) y mioglobina (presente en los m\u00fasculos).<\/p>\n<p>Ambas ayudan a llevar y almacenar ox\u00edgeno en el cuerpo. El suplemento ayuda en la formaci\u00f3n de hemoglobina, mantiene los m\u00fasculos fuertes, previene los trastornos cognitivos, aumenta la energ\u00eda, ayuda a conciliar el sue\u00f1o y proporciona un sistema inmune m\u00e1s fuerte.<\/p>\n","protected":false},"excerpt":{"rendered":"<p>El suplemento ayuda en la formaci\u00f3n de hemoglobina, mantiene los m\u00fasculos fuertes, previene los trastornos cognitivos, aumenta la energ\u00eda, ayuda a conciliar el sue\u00f1o y proporciona un sistema inmune m\u00e1s fuerte.<\/p>\n","protected":false},"featured_media":3752,"comment_status":"open","ping_status":"closed","template":"","meta":[],"product_brand":[454],"product_cat":[379,398],"product_tag":[502,500,595,501,520,503,574],"class_list":{"0":"post-3751","1":"product","2":"type-product","3":"status-publish","4":"has-post-thumbnail","6":"product_brand-alfa","7":"product_cat-sistema-inmunologico","8":"product_cat-vit-y-min","9":"product_tag-heredia","10":"product_tag-macrobiotica","11":"product_tag-minerales","12":"product_tag-natural","13":"product_tag-natural-shop","14":"product_tag-san-pablo","15":"product_tag-sueno","17":"first","18":"instock","19":"shipping-taxable","20":"purchasable","21":"product-type-simple"},"jetpack_sharing_enabled":true,"_links":{"self":[{"href":"https:\/\/macronaturalsshop.com\/index.php?rest_route=\/wp\/v2\/product\/3751"}],"collection":[{"href":"https:\/\/macronaturalsshop.com\/index.php?rest_route=\/wp\/v2\/product"}],"about":[{"href":"https:\/\/macronaturalsshop.com\/index.php?rest_route=\/wp\/v2\/types\/product"}],"replies":[{"embeddable":true,"href":"https:\/\/macronaturalsshop.com\/index.php?rest_route=%2Fwp%2Fv2%2Fcomments&post=3751"}],"wp:featuredmedia":[{"embeddable":true,"href":"https:\/\/macronaturalsshop.com\/index.php?rest_route=\/wp\/v2\/media\/3752"}],"wp:attachment":[{"href":"https:\/\/macronaturalsshop.com\/index.php?rest_route=%2Fwp%2Fv2%2Fmedia&parent=3751"}],"wp:term":[{"taxonomy":"product_brand","embeddable":true,"href":"https:\/\/macronaturalsshop.com\/index.php?rest_route=%2Fwp%2Fv2%2Fproduct_brand&post=3751"},{"taxonomy":"product_cat","embeddable":true,"href":"https:\/\/macronaturalsshop.com\/index.php?rest_route=%2Fwp%2Fv2%2Fproduct_cat&post=3751"},{"taxonomy":"product_tag","embeddable":true,"href":"https:\/\/macronaturalsshop.com\/index.php?rest_route=%2Fwp%2Fv2%2Fproduct_tag&post=3751"}],"curies":[{"name":"wp","href":"https:\/\/api.w.org\/{rel}","templated":true}]}}