{"id":3753,"date":"2025-09-14T01:00:59","date_gmt":"2025-09-14T01:00:59","guid":{"rendered":"https:\/\/macronaturalsshop.com\/?post_type=product&#038;p=3753"},"modified":"2025-09-14T22:32:01","modified_gmt":"2025-09-14T22:32:01","slug":"korean-ginseng-1000mg-60cap","status":"publish","type":"product","link":"https:\/\/macronaturalsshop.com\/?product=korean-ginseng-1000mg-60cap","title":{"rendered":"Korean Ginseng 1000mg"},"content":{"rendered":"<p><span>El ginseng coreano ha sido utilizado en la medicina oriental durante siglos y trae consigo una serie de beneficios para sus consumidores. Presenta propiedades antioxidantes y antinflamatorias, mejora las funciones cerebrales como la memoria y el estado de \u00e1nimo,tiene componentes que protegen contra el estr\u00e9s oxidativo en los vasos sangu\u00edneos y tejidos del pene por lo tanto se utiliza para tratar la disfunci\u00f3n er\u00e9ctil.<\/span><\/p>\n<p><span>Disminuye el riesgo de desarrollar ciertos tipos de c\u00e1ncer, como c\u00e1ncer de labio, boca, es\u00f3fago, est\u00f3mago, colon, h\u00edgado y pulm\u00f3n. Ayuda a combatirla fatiga por lo tanto aumenta los niveles de energ\u00eda en el cuerpo.<\/span><\/p>\n","protected":false},"excerpt":{"rendered":"<p>Las c\u00e1psulas de Korean Ginseng sirven para\u00a0aumentar la energ\u00eda, mejorar el rendimiento f\u00edsico y mental, fortalecer el sistema inmunol\u00f3gico, ayudar a controlar el az\u00facar en sangre, y mejorar la funci\u00f3n sexual.\u00a0Sus propiedades adapt\u00f3genas ayudan al cuerpo a manejar el estr\u00e9s, mientras que su acci\u00f3n antioxidante protege las c\u00e9lulas del da\u00f1o.<\/p>\n","protected":false},"featured_media":5410,"comment_status":"open","ping_status":"closed","template":"","meta":[],"product_brand":[454],"product_cat":[379,398],"product_tag":[615,564,530,560,502,501,520,503],"class_list":{"0":"post-3753","1":"product","2":"type-product","3":"status-publish","4":"has-post-thumbnail","6":"product_brand-alfa","7":"product_cat-sistema-inmunologico","8":"product_cat-vit-y-min","9":"product_tag-antiinflamatorio","10":"product_tag-antioxidante","11":"product_tag-control-de-estres","12":"product_tag-energia","13":"product_tag-heredia","14":"product_tag-natural","15":"product_tag-natural-shop","16":"product_tag-san-pablo","18":"first","19":"instock","20":"shipping-taxable","21":"purchasable","22":"product-type-simple"},"jetpack_sharing_enabled":true,"_links":{"self":[{"href":"https:\/\/macronaturalsshop.com\/index.php?rest_route=\/wp\/v2\/product\/3753"}],"collection":[{"href":"https:\/\/macronaturalsshop.com\/index.php?rest_route=\/wp\/v2\/product"}],"about":[{"href":"https:\/\/macronaturalsshop.com\/index.php?rest_route=\/wp\/v2\/types\/product"}],"replies":[{"embeddable":true,"href":"https:\/\/macronaturalsshop.com\/index.php?rest_route=%2Fwp%2Fv2%2Fcomments&post=3753"}],"wp:featuredmedia":[{"embeddable":true,"href":"https:\/\/macronaturalsshop.com\/index.php?rest_route=\/wp\/v2\/media\/5410"}],"wp:attachment":[{"href":"https:\/\/macronaturalsshop.com\/index.php?rest_route=%2Fwp%2Fv2%2Fmedia&parent=3753"}],"wp:term":[{"taxonomy":"product_brand","embeddable":true,"href":"https:\/\/macronaturalsshop.com\/index.php?rest_route=%2Fwp%2Fv2%2Fproduct_brand&post=3753"},{"taxonomy":"product_cat","embeddable":true,"href":"https:\/\/macronaturalsshop.com\/index.php?rest_route=%2Fwp%2Fv2%2Fproduct_cat&post=3753"},{"taxonomy":"product_tag","embeddable":true,"href":"https:\/\/macronaturalsshop.com\/index.php?rest_route=%2Fwp%2Fv2%2Fproduct_tag&post=3753"}],"curies":[{"name":"wp","href":"https:\/\/api.w.org\/{rel}","templated":true}]}}