{"id":3758,"date":"2025-08-11T05:57:40","date_gmt":"2025-08-11T05:57:40","guid":{"rendered":"https:\/\/macronaturalsshop.com\/?post_type=product&#038;p=3758"},"modified":"2025-08-12T03:16:11","modified_gmt":"2025-08-12T03:16:11","slug":"maximun-l-arginine-1000mg-100cap","status":"publish","type":"product","link":"https:\/\/macronaturalsshop.com\/?product=maximun-l-arginine-1000mg-100cap","title":{"rendered":"Maximun L Arginine 1000mg"},"content":{"rendered":"<p>El amino\u00e1cido semi-esencial L-arginina, es un componente natural de las prote\u00ednas de la dieta. En el caso de los deportistas el suplemento con L-Arginina presenta una serie de bene\ufb01cios entre los que se encuentran; reducci\u00f3n del nivel de grasa en el cuerpo, facilidad en la recuperaci\u00f3n tras ejercicio intenso, reducci\u00f3n del colesterol, aumento en la protecci\u00f3n del sistema inmunol\u00f3gico, r\u00e1pida cicatrizaci\u00f3n de heridas, estimulador de la secreci\u00f3n de la hormona de crecimiento, que a su vez facilitar\u00e1 el desarrollo muscular y mejor circulaci\u00f3n ya que la L-arginina se convierte en \u00f3xido n\u00edtrico, un potente vasodilatador.<\/p>\n","protected":false},"excerpt":{"rendered":"<p>Reducci\u00f3n de grasa.<br \/>\nFacilidad de recuperaci\u00f3n tras ejercicio intenso.<br \/>\nFacilita el desarrollo muscular y mejora la circulaci\u00f3n.<br \/>\nL-Arginina es un amino\u00e1cido vital para numerosas funciones fisiol\u00f3gicas.<\/p>\n","protected":false},"featured_media":3852,"comment_status":"open","ping_status":"closed","template":"","meta":[],"product_brand":[454],"product_cat":[385,393],"product_tag":[502,500,561,501,520,585,503],"class_list":{"0":"post-3758","1":"product","2":"type-product","3":"status-publish","4":"has-post-thumbnail","6":"product_brand-alfa","7":"product_cat-deporte","8":"product_cat-energia","9":"product_tag-heredia","10":"product_tag-macrobiotica","11":"product_tag-musculos","12":"product_tag-natural","13":"product_tag-natural-shop","14":"product_tag-reduccion-de-grasa","15":"product_tag-san-pablo","17":"first","18":"instock","19":"shipping-taxable","20":"purchasable","21":"product-type-simple"},"jetpack_sharing_enabled":true,"_links":{"self":[{"href":"https:\/\/macronaturalsshop.com\/index.php?rest_route=\/wp\/v2\/product\/3758"}],"collection":[{"href":"https:\/\/macronaturalsshop.com\/index.php?rest_route=\/wp\/v2\/product"}],"about":[{"href":"https:\/\/macronaturalsshop.com\/index.php?rest_route=\/wp\/v2\/types\/product"}],"replies":[{"embeddable":true,"href":"https:\/\/macronaturalsshop.com\/index.php?rest_route=%2Fwp%2Fv2%2Fcomments&post=3758"}],"wp:featuredmedia":[{"embeddable":true,"href":"https:\/\/macronaturalsshop.com\/index.php?rest_route=\/wp\/v2\/media\/3852"}],"wp:attachment":[{"href":"https:\/\/macronaturalsshop.com\/index.php?rest_route=%2Fwp%2Fv2%2Fmedia&parent=3758"}],"wp:term":[{"taxonomy":"product_brand","embeddable":true,"href":"https:\/\/macronaturalsshop.com\/index.php?rest_route=%2Fwp%2Fv2%2Fproduct_brand&post=3758"},{"taxonomy":"product_cat","embeddable":true,"href":"https:\/\/macronaturalsshop.com\/index.php?rest_route=%2Fwp%2Fv2%2Fproduct_cat&post=3758"},{"taxonomy":"product_tag","embeddable":true,"href":"https:\/\/macronaturalsshop.com\/index.php?rest_route=%2Fwp%2Fv2%2Fproduct_tag&post=3758"}],"curies":[{"name":"wp","href":"https:\/\/api.w.org\/{rel}","templated":true}]}}