{"id":3760,"date":"2025-08-11T06:01:21","date_gmt":"2025-08-11T06:01:21","guid":{"rendered":"https:\/\/macronaturalsshop.com\/?post_type=product&#038;p=3760"},"modified":"2025-08-12T03:24:10","modified_gmt":"2025-08-12T03:24:10","slug":"maximun-l-carnitine-1000mg-60tab","status":"publish","type":"product","link":"https:\/\/macronaturalsshop.com\/?product=maximun-l-carnitine-1000mg-60tab","title":{"rendered":"Maximun L Carnitine 1000mg"},"content":{"rendered":"<p>Es una sustancia natural y un producto del metabolismo que ocurre en las c\u00e9lulas vivas, se clasi\ufb01ca como un amino cuaternario, el cual se produce principalmente en el h\u00edgado, en el cerebro y en los ri\u00f1ones a trav\u00e9s de una serie de procedimientos bioqu\u00edmicos. L-Carnitina se encarga de transportar \u00e1cidos grasos a las c\u00e9lulas, los cuales son utilizados como energ\u00eda, por lo tanto su consumo favorece la p\u00e9rdida y reducci\u00f3n de grasa, aumento de la fuerza y crecimiento muscular. Para los adultos, se considera una sustancia con un rol importante en la optimizaci\u00f3n de la salud y la longevidad. Para los m\u00e1s peque\u00f1os es considerada un factor clave en el crecimiento y desarrollo de los mismos.<\/p>\n","protected":false},"excerpt":{"rendered":"<p>Aumento de la fuerza.<br \/>\nDesarrollo muscular.<br \/>\nP\u00e9rdida de grasa.<br \/>\nReduce la fatiga.<\/p>\n","protected":false},"featured_media":3850,"comment_status":"open","ping_status":"closed","template":"","meta":[],"product_brand":[454],"product_cat":[385,393],"product_tag":[502,500,561,501,520,503],"class_list":{"0":"post-3760","1":"product","2":"type-product","3":"status-publish","4":"has-post-thumbnail","6":"product_brand-alfa","7":"product_cat-deporte","8":"product_cat-energia","9":"product_tag-heredia","10":"product_tag-macrobiotica","11":"product_tag-musculos","12":"product_tag-natural","13":"product_tag-natural-shop","14":"product_tag-san-pablo","16":"first","17":"instock","18":"shipping-taxable","19":"purchasable","20":"product-type-simple"},"jetpack_sharing_enabled":true,"_links":{"self":[{"href":"https:\/\/macronaturalsshop.com\/index.php?rest_route=\/wp\/v2\/product\/3760"}],"collection":[{"href":"https:\/\/macronaturalsshop.com\/index.php?rest_route=\/wp\/v2\/product"}],"about":[{"href":"https:\/\/macronaturalsshop.com\/index.php?rest_route=\/wp\/v2\/types\/product"}],"replies":[{"embeddable":true,"href":"https:\/\/macronaturalsshop.com\/index.php?rest_route=%2Fwp%2Fv2%2Fcomments&post=3760"}],"wp:featuredmedia":[{"embeddable":true,"href":"https:\/\/macronaturalsshop.com\/index.php?rest_route=\/wp\/v2\/media\/3850"}],"wp:attachment":[{"href":"https:\/\/macronaturalsshop.com\/index.php?rest_route=%2Fwp%2Fv2%2Fmedia&parent=3760"}],"wp:term":[{"taxonomy":"product_brand","embeddable":true,"href":"https:\/\/macronaturalsshop.com\/index.php?rest_route=%2Fwp%2Fv2%2Fproduct_brand&post=3760"},{"taxonomy":"product_cat","embeddable":true,"href":"https:\/\/macronaturalsshop.com\/index.php?rest_route=%2Fwp%2Fv2%2Fproduct_cat&post=3760"},{"taxonomy":"product_tag","embeddable":true,"href":"https:\/\/macronaturalsshop.com\/index.php?rest_route=%2Fwp%2Fv2%2Fproduct_tag&post=3760"}],"curies":[{"name":"wp","href":"https:\/\/api.w.org\/{rel}","templated":true}]}}