{"id":3762,"date":"2025-08-11T06:45:28","date_gmt":"2025-08-11T06:45:28","guid":{"rendered":"https:\/\/macronaturalsshop.com\/?post_type=product&#038;p=3762"},"modified":"2025-08-12T19:50:29","modified_gmt":"2025-08-12T19:50:29","slug":"maximun-l-glutamine1000mg-100cap","status":"publish","type":"product","link":"https:\/\/macronaturalsshop.com\/?product=maximun-l-glutamine1000mg-100cap","title":{"rendered":"Maximun L Glutamine 1000mg"},"content":{"rendered":"<p>La glutamina es uno de los 20 amino\u00e1cidos esenciales presentes en el organismo, que al convertirse en suplemento nutricional recibe el nombre de L-Glutamina. Se recomienda la ingesta de este suplemento en deportistas, debido a que favorece la recuperaci\u00f3n muscular y la formaci\u00f3n de m\u00fasculos. Durante los entrenamientos de alta intensidad el cuerpo absorbe de forma muy r\u00e1pida m\u00e1s de la mitad de todas las reservas de L-Glutamina, por lo que tener un aporte extra de este amino\u00e1cido es una ayuda \u00f3ptima. Para lograr los m\u00e1ximos bene\ufb01cios durante la sesi\u00f3n de ejercicio f\u00edsico, los suplementos deportivos con L-Glutamina deber\u00edan tomarse antes y despu\u00e9s del entrenamiento<\/p>\n","protected":false},"excerpt":{"rendered":"<p>Uno de los 20 amino\u00e1cidos esenciales presentes en el organismo, favorece la recuperaci\u00f3n muscular y la formaci\u00f3n de musculos, evita los dolores despu\u00e9s del entrenamiento y adem\u00e1s mejora el rendimiento en el ejercicio.<\/p>\n","protected":false},"featured_media":3763,"comment_status":"open","ping_status":"closed","template":"","meta":[],"product_brand":[454],"product_cat":[385,393],"product_tag":[589,588,502,500,561,501,520,503],"class_list":{"0":"post-3762","1":"product","2":"type-product","3":"status-publish","4":"has-post-thumbnail","6":"product_brand-alfa","7":"product_cat-deporte","8":"product_cat-energia","9":"product_tag-glutamina","10":"product_tag-glutamine","11":"product_tag-heredia","12":"product_tag-macrobiotica","13":"product_tag-musculos","14":"product_tag-natural","15":"product_tag-natural-shop","16":"product_tag-san-pablo","18":"first","19":"instock","20":"shipping-taxable","21":"purchasable","22":"product-type-simple"},"jetpack_sharing_enabled":true,"_links":{"self":[{"href":"https:\/\/macronaturalsshop.com\/index.php?rest_route=\/wp\/v2\/product\/3762"}],"collection":[{"href":"https:\/\/macronaturalsshop.com\/index.php?rest_route=\/wp\/v2\/product"}],"about":[{"href":"https:\/\/macronaturalsshop.com\/index.php?rest_route=\/wp\/v2\/types\/product"}],"replies":[{"embeddable":true,"href":"https:\/\/macronaturalsshop.com\/index.php?rest_route=%2Fwp%2Fv2%2Fcomments&post=3762"}],"wp:featuredmedia":[{"embeddable":true,"href":"https:\/\/macronaturalsshop.com\/index.php?rest_route=\/wp\/v2\/media\/3763"}],"wp:attachment":[{"href":"https:\/\/macronaturalsshop.com\/index.php?rest_route=%2Fwp%2Fv2%2Fmedia&parent=3762"}],"wp:term":[{"taxonomy":"product_brand","embeddable":true,"href":"https:\/\/macronaturalsshop.com\/index.php?rest_route=%2Fwp%2Fv2%2Fproduct_brand&post=3762"},{"taxonomy":"product_cat","embeddable":true,"href":"https:\/\/macronaturalsshop.com\/index.php?rest_route=%2Fwp%2Fv2%2Fproduct_cat&post=3762"},{"taxonomy":"product_tag","embeddable":true,"href":"https:\/\/macronaturalsshop.com\/index.php?rest_route=%2Fwp%2Fv2%2Fproduct_tag&post=3762"}],"curies":[{"name":"wp","href":"https:\/\/api.w.org\/{rel}","templated":true}]}}