{"id":3767,"date":"2025-09-14T01:02:44","date_gmt":"2025-09-14T01:02:44","guid":{"rendered":"https:\/\/macronaturalsshop.com\/?post_type=product&#038;p=3767"},"modified":"2025-09-14T22:58:45","modified_gmt":"2025-09-14T22:58:45","slug":"bacopa-con-ginko-biloba-60-caps","status":"publish","type":"product","link":"https:\/\/macronaturalsshop.com\/?product=bacopa-con-ginko-biloba-60-caps","title":{"rendered":"Bacopa con Ginko Biloba"},"content":{"rendered":"<ul>\n<li><strong>Oxigenaci\u00f3n cerebral<\/strong>\u00a0para mayor concentraci\u00f3n y agilidad mental<\/li>\n<li><strong>Apoyo cognitivo<\/strong>\u00a0en casos de d\u00e9ficit de atenci\u00f3n, v\u00e9rtigo o fatiga mental<\/li>\n<li><strong>Mejora de la circulaci\u00f3n<\/strong>\u00a0que favorece el rendimiento intelectual y la salud vascular<\/li>\n<li><strong>Adapt\u00f3genos naturales<\/strong>\u00a0que ayudan a equilibrar el estado de \u00e1nimo y reducir el estr\u00e9s<\/li>\n<\/ul>\n","protected":false},"excerpt":{"rendered":"<p>Activa tu mente y mejora tu enfoque con esta f\u00f3rmula sin\u00e9rgica de Betesda, dise\u00f1ada para quienes buscan claridad mental, memoria afilada y bienestar cerebral integral.<\/p>\n","protected":false},"featured_media":5414,"comment_status":"open","ping_status":"closed","template":"","meta":[],"product_brand":[456],"product_cat":[379],"product_tag":[530,502,500,501,520,503],"class_list":{"0":"post-3767","1":"product","2":"type-product","3":"status-publish","4":"has-post-thumbnail","6":"product_brand-betesda","7":"product_cat-sistema-inmunologico","8":"product_tag-control-de-estres","9":"product_tag-heredia","10":"product_tag-macrobiotica","11":"product_tag-natural","12":"product_tag-natural-shop","13":"product_tag-san-pablo","15":"first","16":"instock","17":"shipping-taxable","18":"purchasable","19":"product-type-simple"},"jetpack_sharing_enabled":true,"_links":{"self":[{"href":"https:\/\/macronaturalsshop.com\/index.php?rest_route=\/wp\/v2\/product\/3767"}],"collection":[{"href":"https:\/\/macronaturalsshop.com\/index.php?rest_route=\/wp\/v2\/product"}],"about":[{"href":"https:\/\/macronaturalsshop.com\/index.php?rest_route=\/wp\/v2\/types\/product"}],"replies":[{"embeddable":true,"href":"https:\/\/macronaturalsshop.com\/index.php?rest_route=%2Fwp%2Fv2%2Fcomments&post=3767"}],"wp:featuredmedia":[{"embeddable":true,"href":"https:\/\/macronaturalsshop.com\/index.php?rest_route=\/wp\/v2\/media\/5414"}],"wp:attachment":[{"href":"https:\/\/macronaturalsshop.com\/index.php?rest_route=%2Fwp%2Fv2%2Fmedia&parent=3767"}],"wp:term":[{"taxonomy":"product_brand","embeddable":true,"href":"https:\/\/macronaturalsshop.com\/index.php?rest_route=%2Fwp%2Fv2%2Fproduct_brand&post=3767"},{"taxonomy":"product_cat","embeddable":true,"href":"https:\/\/macronaturalsshop.com\/index.php?rest_route=%2Fwp%2Fv2%2Fproduct_cat&post=3767"},{"taxonomy":"product_tag","embeddable":true,"href":"https:\/\/macronaturalsshop.com\/index.php?rest_route=%2Fwp%2Fv2%2Fproduct_tag&post=3767"}],"curies":[{"name":"wp","href":"https:\/\/api.w.org\/{rel}","templated":true}]}}