{"id":3799,"date":"2025-08-06T01:20:45","date_gmt":"2025-08-06T01:20:45","guid":{"rendered":"https:\/\/macronaturalsshop.com\/?post_type=product&#038;p=3799"},"modified":"2025-08-06T14:51:07","modified_gmt":"2025-08-06T14:51:07","slug":"vitamina-d3-2000iu","status":"publish","type":"product","link":"https:\/\/macronaturalsshop.com\/?product=vitamina-d3-2000iu","title":{"rendered":"Vitamina D3 2000IU"},"content":{"rendered":"<p>Es un nutriente natural producido por el cuerpo a trav\u00e9s de la piel cuando est\u00e1 expuesto a la luz del sol, es soluble en grasa y se almacena en tejido adiposo. El suplemento de vitamina D3 resulta beneficioso para el desarrollo normal de dientes y huesos, para la fuerza muscular y la regulaci\u00f3n de los latidos del coraz\u00f3n. Fortalece el sistema inmunol\u00f3gico y permite una mejor absorci\u00f3n del calcio y el f\u00f3sforo, la coagulaci\u00f3n de la sangre y la funci\u00f3n de la tiroides.<\/p>\n","protected":false},"excerpt":{"rendered":"<p>Ayuda al desarrollo normal de dientes y huesos.<br \/>\nFortalece el sistema inmunol\u00f3gico.<br \/>\nPermite una mejor absorci\u00f3n del calcio y f\u00f3sforo.<\/p>\n","protected":false},"featured_media":4929,"comment_status":"open","ping_status":"closed","template":"","meta":[],"product_brand":[454],"product_cat":[453,398],"product_tag":[502,563,500,501,520,503,568],"class_list":{"0":"post-3799","1":"product","2":"type-product","3":"status-publish","4":"has-post-thumbnail","6":"product_brand-alfa","7":"product_cat-mente","8":"product_cat-vit-y-min","9":"product_tag-heredia","10":"product_tag-huesos","11":"product_tag-macrobiotica","12":"product_tag-natural","13":"product_tag-natural-shop","14":"product_tag-san-pablo","15":"product_tag-vitaminas","17":"first","18":"instock","19":"shipping-taxable","20":"purchasable","21":"product-type-simple"},"jetpack_sharing_enabled":true,"_links":{"self":[{"href":"https:\/\/macronaturalsshop.com\/index.php?rest_route=\/wp\/v2\/product\/3799"}],"collection":[{"href":"https:\/\/macronaturalsshop.com\/index.php?rest_route=\/wp\/v2\/product"}],"about":[{"href":"https:\/\/macronaturalsshop.com\/index.php?rest_route=\/wp\/v2\/types\/product"}],"replies":[{"embeddable":true,"href":"https:\/\/macronaturalsshop.com\/index.php?rest_route=%2Fwp%2Fv2%2Fcomments&post=3799"}],"wp:featuredmedia":[{"embeddable":true,"href":"https:\/\/macronaturalsshop.com\/index.php?rest_route=\/wp\/v2\/media\/4929"}],"wp:attachment":[{"href":"https:\/\/macronaturalsshop.com\/index.php?rest_route=%2Fwp%2Fv2%2Fmedia&parent=3799"}],"wp:term":[{"taxonomy":"product_brand","embeddable":true,"href":"https:\/\/macronaturalsshop.com\/index.php?rest_route=%2Fwp%2Fv2%2Fproduct_brand&post=3799"},{"taxonomy":"product_cat","embeddable":true,"href":"https:\/\/macronaturalsshop.com\/index.php?rest_route=%2Fwp%2Fv2%2Fproduct_cat&post=3799"},{"taxonomy":"product_tag","embeddable":true,"href":"https:\/\/macronaturalsshop.com\/index.php?rest_route=%2Fwp%2Fv2%2Fproduct_tag&post=3799"}],"curies":[{"name":"wp","href":"https:\/\/api.w.org\/{rel}","templated":true}]}}