{"id":3802,"date":"2025-08-12T01:00:12","date_gmt":"2025-08-12T01:00:12","guid":{"rendered":"https:\/\/macronaturalsshop.com\/?post_type=product&#038;p=3802"},"modified":"2025-08-12T16:44:45","modified_gmt":"2025-08-12T16:44:45","slug":"nadcell-regenerator","status":"publish","type":"product","link":"https:\/\/macronaturalsshop.com\/?product=nadcell-regenerator","title":{"rendered":"NAD+Cell Regenerator"},"content":{"rendered":"<p>NAD+ es un aliado para potenciar la energ\u00eda celular, mejorar la reparaci\u00f3n del ADN y combatir el envejecimientoc elular. Al apoyar la funci\u00f3n mitocondrial, puede ayudar a mantener un cuerpo m\u00e1s vital y saludable.<\/p>\n","protected":false},"excerpt":{"rendered":"<p>Potente antioxidante.<br \/>\nAyuda a combatir el envejecimiento.<\/p>\n","protected":false},"featured_media":3803,"comment_status":"open","ping_status":"closed","template":"","meta":[],"product_brand":[454],"product_cat":[382,398],"product_tag":[564,502,500,586,587,501,520,503],"class_list":{"0":"post-3802","1":"product","2":"type-product","3":"status-publish","4":"has-post-thumbnail","6":"product_brand-alfa","7":"product_cat-antioxidante","8":"product_cat-vit-y-min","9":"product_tag-antioxidante","10":"product_tag-heredia","11":"product_tag-macrobiotica","12":"product_tag-nad","13":"product_tag-nad-cell-regenerator","14":"product_tag-natural","15":"product_tag-natural-shop","16":"product_tag-san-pablo","18":"first","19":"instock","20":"shipping-taxable","21":"purchasable","22":"product-type-simple"},"jetpack_sharing_enabled":true,"_links":{"self":[{"href":"https:\/\/macronaturalsshop.com\/index.php?rest_route=\/wp\/v2\/product\/3802"}],"collection":[{"href":"https:\/\/macronaturalsshop.com\/index.php?rest_route=\/wp\/v2\/product"}],"about":[{"href":"https:\/\/macronaturalsshop.com\/index.php?rest_route=\/wp\/v2\/types\/product"}],"replies":[{"embeddable":true,"href":"https:\/\/macronaturalsshop.com\/index.php?rest_route=%2Fwp%2Fv2%2Fcomments&post=3802"}],"wp:featuredmedia":[{"embeddable":true,"href":"https:\/\/macronaturalsshop.com\/index.php?rest_route=\/wp\/v2\/media\/3803"}],"wp:attachment":[{"href":"https:\/\/macronaturalsshop.com\/index.php?rest_route=%2Fwp%2Fv2%2Fmedia&parent=3802"}],"wp:term":[{"taxonomy":"product_brand","embeddable":true,"href":"https:\/\/macronaturalsshop.com\/index.php?rest_route=%2Fwp%2Fv2%2Fproduct_brand&post=3802"},{"taxonomy":"product_cat","embeddable":true,"href":"https:\/\/macronaturalsshop.com\/index.php?rest_route=%2Fwp%2Fv2%2Fproduct_cat&post=3802"},{"taxonomy":"product_tag","embeddable":true,"href":"https:\/\/macronaturalsshop.com\/index.php?rest_route=%2Fwp%2Fv2%2Fproduct_tag&post=3802"}],"curies":[{"name":"wp","href":"https:\/\/api.w.org\/{rel}","templated":true}]}}