{"id":3804,"date":"2025-08-12T05:50:22","date_gmt":"2025-08-12T05:50:22","guid":{"rendered":"https:\/\/macronaturalsshop.com\/?post_type=product&#038;p=3804"},"modified":"2025-08-13T01:40:37","modified_gmt":"2025-08-13T01:40:37","slug":"vitamina-k-2-mk-7","status":"publish","type":"product","link":"https:\/\/macronaturalsshop.com\/?product=vitamina-k-2-mk-7","title":{"rendered":"K-2 Vitamina MK-7"},"content":{"rendered":"<p>Su principal funci\u00f3n es activar la prote\u00edna osteocalcina, encargada de transportar el calcio<br \/>\nhacia los huesos y dientes. Adem\u00e1s, la vitamina K2 previene la acumulaci\u00f3n de calcio en las arterias y tejidos blandos, ayudando a preservar la elasticidad y salud de los vasos sangu\u00edneos, lo que reduce el riesgo de enfermedades cardiovasculares. A diferencia de otras formas de vitamina K, la K2 se absorbe mejor y permanece m\u00e1s tiempo en el organismo.<\/p>\n","protected":false},"excerpt":{"rendered":"<p>La vitamina K2 es crucial para el mantenimiento de la salud \u00f3sea y cardiovascular.<\/p>\n","protected":false},"featured_media":3805,"comment_status":"open","ping_status":"closed","template":"","meta":[],"product_brand":[454],"product_cat":[398],"product_tag":[502,596,500,501,520,503,568],"class_list":{"0":"post-3804","1":"product","2":"type-product","3":"status-publish","4":"has-post-thumbnail","6":"product_brand-alfa","7":"product_cat-vit-y-min","8":"product_tag-heredia","9":"product_tag-k2","10":"product_tag-macrobiotica","11":"product_tag-natural","12":"product_tag-natural-shop","13":"product_tag-san-pablo","14":"product_tag-vitaminas","16":"first","17":"instock","18":"shipping-taxable","19":"purchasable","20":"product-type-simple"},"jetpack_sharing_enabled":true,"_links":{"self":[{"href":"https:\/\/macronaturalsshop.com\/index.php?rest_route=\/wp\/v2\/product\/3804"}],"collection":[{"href":"https:\/\/macronaturalsshop.com\/index.php?rest_route=\/wp\/v2\/product"}],"about":[{"href":"https:\/\/macronaturalsshop.com\/index.php?rest_route=\/wp\/v2\/types\/product"}],"replies":[{"embeddable":true,"href":"https:\/\/macronaturalsshop.com\/index.php?rest_route=%2Fwp%2Fv2%2Fcomments&post=3804"}],"wp:featuredmedia":[{"embeddable":true,"href":"https:\/\/macronaturalsshop.com\/index.php?rest_route=\/wp\/v2\/media\/3805"}],"wp:attachment":[{"href":"https:\/\/macronaturalsshop.com\/index.php?rest_route=%2Fwp%2Fv2%2Fmedia&parent=3804"}],"wp:term":[{"taxonomy":"product_brand","embeddable":true,"href":"https:\/\/macronaturalsshop.com\/index.php?rest_route=%2Fwp%2Fv2%2Fproduct_brand&post=3804"},{"taxonomy":"product_cat","embeddable":true,"href":"https:\/\/macronaturalsshop.com\/index.php?rest_route=%2Fwp%2Fv2%2Fproduct_cat&post=3804"},{"taxonomy":"product_tag","embeddable":true,"href":"https:\/\/macronaturalsshop.com\/index.php?rest_route=%2Fwp%2Fv2%2Fproduct_tag&post=3804"}],"curies":[{"name":"wp","href":"https:\/\/api.w.org\/{rel}","templated":true}]}}