{"id":3806,"date":"2025-08-11T03:30:33","date_gmt":"2025-08-11T03:30:33","guid":{"rendered":"https:\/\/macronaturalsshop.com\/?post_type=product&#038;p=3806"},"modified":"2025-08-12T01:52:24","modified_gmt":"2025-08-12T01:52:24","slug":"glicinato-de-magnesio","status":"publish","type":"product","link":"https:\/\/macronaturalsshop.com\/?product=glicinato-de-magnesio","title":{"rendered":"Glicinato de Magnesio"},"content":{"rendered":"<p>El glicinato de magnesio es una forma altamente biodisponible de magnesio que es f\u00e1cil para el est\u00f3mago y se puede tomar antes de acostarse para promover la relajaci\u00f3n y un mejor sue\u00f1o. Tambi\u00e9n es beneficioso para reducir el estr\u00e9s y la ansiedad, promover la funci\u00f3n muscular saludable y apoyar la salud cardiovascular.<\/p>\n","protected":false},"excerpt":{"rendered":"<p>El glicinato de magnesio es una forma altamente biodisponible de magnesio que es f\u00e1cil para el est\u00f3mago y se puede tomar antes de acostarse para promover la relajaci\u00f3n y un mejor sue\u00f1o.<\/p>\n","protected":false},"featured_media":3807,"comment_status":"open","ping_status":"closed","template":"","meta":[],"product_brand":[454],"product_cat":[386,393],"product_tag":[502,500,501,520,535,503,574],"class_list":{"0":"post-3806","1":"product","2":"type-product","3":"status-publish","4":"has-post-thumbnail","6":"product_brand-alfa","7":"product_cat-magnesio","8":"product_cat-energia","9":"product_tag-heredia","10":"product_tag-macrobiotica","11":"product_tag-natural","12":"product_tag-natural-shop","13":"product_tag-relajante","14":"product_tag-san-pablo","15":"product_tag-sueno","17":"first","18":"instock","19":"shipping-taxable","20":"purchasable","21":"product-type-simple"},"jetpack_sharing_enabled":true,"_links":{"self":[{"href":"https:\/\/macronaturalsshop.com\/index.php?rest_route=\/wp\/v2\/product\/3806"}],"collection":[{"href":"https:\/\/macronaturalsshop.com\/index.php?rest_route=\/wp\/v2\/product"}],"about":[{"href":"https:\/\/macronaturalsshop.com\/index.php?rest_route=\/wp\/v2\/types\/product"}],"replies":[{"embeddable":true,"href":"https:\/\/macronaturalsshop.com\/index.php?rest_route=%2Fwp%2Fv2%2Fcomments&post=3806"}],"wp:featuredmedia":[{"embeddable":true,"href":"https:\/\/macronaturalsshop.com\/index.php?rest_route=\/wp\/v2\/media\/3807"}],"wp:attachment":[{"href":"https:\/\/macronaturalsshop.com\/index.php?rest_route=%2Fwp%2Fv2%2Fmedia&parent=3806"}],"wp:term":[{"taxonomy":"product_brand","embeddable":true,"href":"https:\/\/macronaturalsshop.com\/index.php?rest_route=%2Fwp%2Fv2%2Fproduct_brand&post=3806"},{"taxonomy":"product_cat","embeddable":true,"href":"https:\/\/macronaturalsshop.com\/index.php?rest_route=%2Fwp%2Fv2%2Fproduct_cat&post=3806"},{"taxonomy":"product_tag","embeddable":true,"href":"https:\/\/macronaturalsshop.com\/index.php?rest_route=%2Fwp%2Fv2%2Fproduct_tag&post=3806"}],"curies":[{"name":"wp","href":"https:\/\/api.w.org\/{rel}","templated":true}]}}