{"id":3808,"date":"2025-08-10T10:35:31","date_gmt":"2025-08-10T10:35:31","guid":{"rendered":"https:\/\/macronaturalsshop.com\/?post_type=product&#038;p=3808"},"modified":"2025-08-11T03:15:53","modified_gmt":"2025-08-11T03:15:53","slug":"citrato-de-magnesio","status":"publish","type":"product","link":"https:\/\/macronaturalsshop.com\/?product=citrato-de-magnesio","title":{"rendered":"Citrato de Magnesio 1400mg"},"content":{"rendered":"<p>El citrato de magnesio favorece la absorci\u00f3n del calcio, por lo que beneficia la estructura \u00f3sea. Se utiliza para mejorar la calidad del sue\u00f1o y el insomnio debido a su efecto en la relajaci\u00f3n de los m\u00fasculos, incluyendo las frecuencias cardiacas.<br \/>\nSintetiza las prote\u00ednas y las grasas.<\/p>\n","protected":false},"excerpt":{"rendered":"<p>Apoya la salud de los m\u00fasculos, nervios, huesos y coraz\u00f3n.<br \/>\nAyuda a relajar los m\u00fasculos y el cuerpo.<\/p>\n","protected":false},"featured_media":3809,"comment_status":"open","ping_status":"closed","template":"","meta":[],"product_brand":[454],"product_cat":[386],"product_tag":[502,563,500,561,501,520,562,503],"class_list":{"0":"post-3808","1":"product","2":"type-product","3":"status-publish","4":"has-post-thumbnail","6":"product_brand-alfa","7":"product_cat-magnesio","8":"product_tag-heredia","9":"product_tag-huesos","10":"product_tag-macrobiotica","11":"product_tag-musculos","12":"product_tag-natural","13":"product_tag-natural-shop","14":"product_tag-nervios","15":"product_tag-san-pablo","17":"first","18":"instock","19":"shipping-taxable","20":"purchasable","21":"product-type-simple"},"jetpack_sharing_enabled":true,"_links":{"self":[{"href":"https:\/\/macronaturalsshop.com\/index.php?rest_route=\/wp\/v2\/product\/3808"}],"collection":[{"href":"https:\/\/macronaturalsshop.com\/index.php?rest_route=\/wp\/v2\/product"}],"about":[{"href":"https:\/\/macronaturalsshop.com\/index.php?rest_route=\/wp\/v2\/types\/product"}],"replies":[{"embeddable":true,"href":"https:\/\/macronaturalsshop.com\/index.php?rest_route=%2Fwp%2Fv2%2Fcomments&post=3808"}],"wp:featuredmedia":[{"embeddable":true,"href":"https:\/\/macronaturalsshop.com\/index.php?rest_route=\/wp\/v2\/media\/3809"}],"wp:attachment":[{"href":"https:\/\/macronaturalsshop.com\/index.php?rest_route=%2Fwp%2Fv2%2Fmedia&parent=3808"}],"wp:term":[{"taxonomy":"product_brand","embeddable":true,"href":"https:\/\/macronaturalsshop.com\/index.php?rest_route=%2Fwp%2Fv2%2Fproduct_brand&post=3808"},{"taxonomy":"product_cat","embeddable":true,"href":"https:\/\/macronaturalsshop.com\/index.php?rest_route=%2Fwp%2Fv2%2Fproduct_cat&post=3808"},{"taxonomy":"product_tag","embeddable":true,"href":"https:\/\/macronaturalsshop.com\/index.php?rest_route=%2Fwp%2Fv2%2Fproduct_tag&post=3808"}],"curies":[{"name":"wp","href":"https:\/\/api.w.org\/{rel}","templated":true}]}}