{"id":3812,"date":"2025-08-11T04:00:35","date_gmt":"2025-08-11T04:00:35","guid":{"rendered":"https:\/\/macronaturalsshop.com\/?post_type=product&#038;p=3812"},"modified":"2025-08-12T01:56:43","modified_gmt":"2025-08-12T01:56:43","slug":"gomitas-de-melatonina-5mg","status":"publish","type":"product","link":"https:\/\/macronaturalsshop.com\/?product=gomitas-de-melatonina-5mg","title":{"rendered":"Gomitas de Melatonina 5mg"},"content":{"rendered":"<p>La melatonina es conocidad por regular y mejorar la calidad del ciclo del sue\u00f1o.<br \/>\nAdem\u00e1s de su acci\u00f3n antioxidante que contribuye a la protecci\u00f3n celular y al bienestar general.<\/p>\n","protected":false},"excerpt":{"rendered":"<p>Ayuda a regular el sue\u00f1o.<\/p>\n","protected":false},"featured_media":3813,"comment_status":"open","ping_status":"closed","template":"","meta":[],"product_brand":[454],"product_cat":[407],"product_tag":[502,500,501,520,503,574],"class_list":{"0":"post-3812","1":"product","2":"type-product","3":"status-publish","4":"has-post-thumbnail","6":"product_brand-alfa","7":"product_cat-sueno","8":"product_tag-heredia","9":"product_tag-macrobiotica","10":"product_tag-natural","11":"product_tag-natural-shop","12":"product_tag-san-pablo","13":"product_tag-sueno","15":"first","16":"instock","17":"shipping-taxable","18":"purchasable","19":"product-type-simple"},"jetpack_sharing_enabled":true,"_links":{"self":[{"href":"https:\/\/macronaturalsshop.com\/index.php?rest_route=\/wp\/v2\/product\/3812"}],"collection":[{"href":"https:\/\/macronaturalsshop.com\/index.php?rest_route=\/wp\/v2\/product"}],"about":[{"href":"https:\/\/macronaturalsshop.com\/index.php?rest_route=\/wp\/v2\/types\/product"}],"replies":[{"embeddable":true,"href":"https:\/\/macronaturalsshop.com\/index.php?rest_route=%2Fwp%2Fv2%2Fcomments&post=3812"}],"wp:featuredmedia":[{"embeddable":true,"href":"https:\/\/macronaturalsshop.com\/index.php?rest_route=\/wp\/v2\/media\/3813"}],"wp:attachment":[{"href":"https:\/\/macronaturalsshop.com\/index.php?rest_route=%2Fwp%2Fv2%2Fmedia&parent=3812"}],"wp:term":[{"taxonomy":"product_brand","embeddable":true,"href":"https:\/\/macronaturalsshop.com\/index.php?rest_route=%2Fwp%2Fv2%2Fproduct_brand&post=3812"},{"taxonomy":"product_cat","embeddable":true,"href":"https:\/\/macronaturalsshop.com\/index.php?rest_route=%2Fwp%2Fv2%2Fproduct_cat&post=3812"},{"taxonomy":"product_tag","embeddable":true,"href":"https:\/\/macronaturalsshop.com\/index.php?rest_route=%2Fwp%2Fv2%2Fproduct_tag&post=3812"}],"curies":[{"name":"wp","href":"https:\/\/api.w.org\/{rel}","templated":true}]}}