{"id":3816,"date":"2025-08-05T09:32:56","date_gmt":"2025-08-05T09:32:56","guid":{"rendered":"https:\/\/macronaturalsshop.com\/?post_type=product&#038;p=3816"},"modified":"2025-08-06T01:17:36","modified_gmt":"2025-08-06T01:17:36","slug":"aflexil","status":"publish","type":"product","link":"https:\/\/macronaturalsshop.com\/?product=aflexil","title":{"rendered":"Alflexil 120 cap"},"content":{"rendered":"<p>La glucosamina y la condroitina son clave para la regeranci\u00f3n del cart\u00edlago, mienras que el MSM ayuda a reducir la inflamaci\u00f3n y el dolor articular. Junto al col\u00e1geno hidrolizado promueven la flexibiliad y fortaleza de las articulaciones, ayudando a mantener una vida activa y sin molestias.<\/p>\n","protected":false},"excerpt":{"rendered":"<p>Potente suplemento que combina Glucosamina, condroitina, MSM y col\u00e1geno hidrolizado forulado para apoyar la salud de las articulaciones y mejorar la movildad. <\/p>\n","protected":false},"featured_media":4916,"comment_status":"open","ping_status":"closed","template":"","meta":[],"product_brand":[454],"product_cat":[430,380],"product_tag":[558,559,502,500,501,520,503],"class_list":{"0":"post-3816","1":"product","2":"type-product","3":"status-publish","4":"has-post-thumbnail","6":"product_brand-alfa","7":"product_cat-antinflamatorio-y-dolores","8":"product_cat-articulaciones","9":"product_tag-articulaciones","10":"product_tag-colageno","11":"product_tag-heredia","12":"product_tag-macrobiotica","13":"product_tag-natural","14":"product_tag-natural-shop","15":"product_tag-san-pablo","17":"first","18":"instock","19":"shipping-taxable","20":"purchasable","21":"product-type-simple"},"jetpack_sharing_enabled":true,"_links":{"self":[{"href":"https:\/\/macronaturalsshop.com\/index.php?rest_route=\/wp\/v2\/product\/3816"}],"collection":[{"href":"https:\/\/macronaturalsshop.com\/index.php?rest_route=\/wp\/v2\/product"}],"about":[{"href":"https:\/\/macronaturalsshop.com\/index.php?rest_route=\/wp\/v2\/types\/product"}],"replies":[{"embeddable":true,"href":"https:\/\/macronaturalsshop.com\/index.php?rest_route=%2Fwp%2Fv2%2Fcomments&post=3816"}],"wp:featuredmedia":[{"embeddable":true,"href":"https:\/\/macronaturalsshop.com\/index.php?rest_route=\/wp\/v2\/media\/4916"}],"wp:attachment":[{"href":"https:\/\/macronaturalsshop.com\/index.php?rest_route=%2Fwp%2Fv2%2Fmedia&parent=3816"}],"wp:term":[{"taxonomy":"product_brand","embeddable":true,"href":"https:\/\/macronaturalsshop.com\/index.php?rest_route=%2Fwp%2Fv2%2Fproduct_brand&post=3816"},{"taxonomy":"product_cat","embeddable":true,"href":"https:\/\/macronaturalsshop.com\/index.php?rest_route=%2Fwp%2Fv2%2Fproduct_cat&post=3816"},{"taxonomy":"product_tag","embeddable":true,"href":"https:\/\/macronaturalsshop.com\/index.php?rest_route=%2Fwp%2Fv2%2Fproduct_tag&post=3816"}],"curies":[{"name":"wp","href":"https:\/\/api.w.org\/{rel}","templated":true}]}}