{"id":3818,"date":"2025-08-18T06:45:54","date_gmt":"2025-08-18T06:45:54","guid":{"rendered":"https:\/\/macronaturalsshop.com\/?post_type=product&#038;p=3818"},"modified":"2025-08-19T02:15:21","modified_gmt":"2025-08-19T02:15:21","slug":"ashwagandha-60-caps","status":"publish","type":"product","link":"https:\/\/macronaturalsshop.com\/?product=ashwagandha-60-caps","title":{"rendered":"Ashwagandha 2100mg"},"content":{"rendered":"<p>Beneficios:<\/p>\n<ul>\n<li><strong>Reducci\u00f3n del estr\u00e9s y la ansiedad:<\/strong><\/li>\n<\/ul>\n<p>La ashwagandha ayuda a regular los niveles de cortisol, la hormona del estr\u00e9s, promoviendo la relajaci\u00f3n y el equilibrio emocional.<\/p>\n<ul>\n<li><strong>Mejora del sue\u00f1o:<\/strong><\/li>\n<\/ul>\n<p>Puede ayudar a las personas con insomnio a conciliar el sue\u00f1o y a mejorar la calidad del descanso.<\/p>\n<ul>\n<li><strong>Aumento de la energ\u00eda y la resistencia f\u00edsica:<\/strong><\/li>\n<\/ul>\n<p>Se ha observado que la ashwagandha puede aumentar la masa muscular, la fuerza y la resistencia, as\u00ed como mejorar la energ\u00eda.<\/p>\n<ul>\n<li><strong>Mejora de la funci\u00f3n cognitiva:<\/strong><\/li>\n<\/ul>\n<p>Se ha investigado su potencial para mejorar la memoria y otras funciones cerebrales.<\/p>\n<ul>\n<li><strong>Fertilidad masculina:<\/strong><\/li>\n<\/ul>\n<p>Se ha asociado con un aumento de la fertilidad en hombres, posiblemente debido a un aumento de los niveles de testosterona.<\/p>\n<ul>\n<li><strong>Reducci\u00f3n de la inflamaci\u00f3n:<\/strong><\/li>\n<\/ul>\n<p>Puede ayudar a reducir la inflamaci\u00f3n en el cuerpo, lo que podr\u00eda ser beneficioso para personas con ciertas condiciones inflamatorias como la osteoartritis.<\/p>\n","protected":false},"excerpt":{"rendered":"<p>Las c\u00e1psulas de ashwagandha, una hierba adapt\u00f3gena, se utilizan principalmente para reducir el estr\u00e9s y la ansiedad, mejorar el sue\u00f1o, y aumentar la energ\u00eda y la resistencia f\u00edsica. Tambi\u00e9n se ha investigado por sus posibles beneficios en la funci\u00f3n cognitiva, la fertilidad masculina y la reducci\u00f3n de la inflamaci\u00f3n.<\/p>\n","protected":false},"featured_media":5160,"comment_status":"open","ping_status":"closed","template":"","meta":[],"product_brand":[454],"product_cat":[404],"product_tag":[532,615,530,502,500,501,520,503,574],"class_list":{"0":"post-3818","1":"product","2":"type-product","3":"status-publish","4":"has-post-thumbnail","6":"product_brand-alfa","7":"product_cat-ansiedad-y-estres","8":"product_tag-ansiedad","9":"product_tag-antiinflamatorio","10":"product_tag-control-de-estres","11":"product_tag-heredia","12":"product_tag-macrobiotica","13":"product_tag-natural","14":"product_tag-natural-shop","15":"product_tag-san-pablo","16":"product_tag-sueno","18":"first","19":"instock","20":"shipping-taxable","21":"purchasable","22":"product-type-simple"},"jetpack_sharing_enabled":true,"_links":{"self":[{"href":"https:\/\/macronaturalsshop.com\/index.php?rest_route=\/wp\/v2\/product\/3818"}],"collection":[{"href":"https:\/\/macronaturalsshop.com\/index.php?rest_route=\/wp\/v2\/product"}],"about":[{"href":"https:\/\/macronaturalsshop.com\/index.php?rest_route=\/wp\/v2\/types\/product"}],"replies":[{"embeddable":true,"href":"https:\/\/macronaturalsshop.com\/index.php?rest_route=%2Fwp%2Fv2%2Fcomments&post=3818"}],"wp:featuredmedia":[{"embeddable":true,"href":"https:\/\/macronaturalsshop.com\/index.php?rest_route=\/wp\/v2\/media\/5160"}],"wp:attachment":[{"href":"https:\/\/macronaturalsshop.com\/index.php?rest_route=%2Fwp%2Fv2%2Fmedia&parent=3818"}],"wp:term":[{"taxonomy":"product_brand","embeddable":true,"href":"https:\/\/macronaturalsshop.com\/index.php?rest_route=%2Fwp%2Fv2%2Fproduct_brand&post=3818"},{"taxonomy":"product_cat","embeddable":true,"href":"https:\/\/macronaturalsshop.com\/index.php?rest_route=%2Fwp%2Fv2%2Fproduct_cat&post=3818"},{"taxonomy":"product_tag","embeddable":true,"href":"https:\/\/macronaturalsshop.com\/index.php?rest_route=%2Fwp%2Fv2%2Fproduct_tag&post=3818"}],"curies":[{"name":"wp","href":"https:\/\/api.w.org\/{rel}","templated":true}]}}