{"id":3820,"date":"2025-08-05T09:04:09","date_gmt":"2025-08-05T09:04:09","guid":{"rendered":"https:\/\/macronaturalsshop.com\/?post_type=product&#038;p=3820"},"modified":"2025-08-06T01:54:02","modified_gmt":"2025-08-06T01:54:02","slug":"b-complex","status":"publish","type":"product","link":"https:\/\/macronaturalsshop.com\/?product=b-complex","title":{"rendered":"B Complex (B1, B6, B12)"},"content":{"rendered":"<p>Tiamina, piridoxina y cianocobalamina respectivamente son coenzimas involucradas en la producci\u00f3n de energ\u00eda. La tiamina participa en la producci\u00f3n de los \u00e1cidos del est\u00f3mago y en el tono muscular de los intestinos, es importante para el crecimiento, desarrollo y funcionamiento de las c\u00e9lulas del organismo.<br \/>\nLa piridoxina interviene en el metabolismo de neurotransmisores que regulan el estado de \u00e1nimo, como la serotonina (que combate el estr\u00e9s, la depresi\u00f3n o el insomnio), participa en los procesos de absorci\u00f3n de prote\u00ednas y amino\u00e1cidos y ayuda al sistema inmunitario en la producci\u00f3n de anticuerpos y la formaci\u00f3n de hemoglobina. La cianocobalamina es importante para la formaci\u00f3n de gl\u00f3bulos rojos y para el fortalecimiento del sistema nervioso central. La combinaci\u00f3n de estas tres vitaminas que forman el complejo B presentan una gran eficacia analg\u00e9sica, de origen inflamatorio, sobre todo en dolor neurop\u00e1tico ya que mejoran la velocidad de la conducci\u00f3n nerviosa.<\/p>\n","protected":false},"excerpt":{"rendered":"<p>Vitaminas B para un coraz\u00f3n y sistema nervioso m\u00e1s saludable, y aumento de energ\u00eda natural.<\/p>\n","protected":false},"featured_media":3821,"comment_status":"open","ping_status":"closed","template":"","meta":[],"product_brand":[454],"product_cat":[379,404],"product_tag":[560,502,500,501,520,503],"class_list":{"0":"post-3820","1":"product","2":"type-product","3":"status-publish","4":"has-post-thumbnail","6":"product_brand-alfa","7":"product_cat-sistema-inmunologico","8":"product_cat-ansiedad-y-estres","9":"product_tag-energia","10":"product_tag-heredia","11":"product_tag-macrobiotica","12":"product_tag-natural","13":"product_tag-natural-shop","14":"product_tag-san-pablo","16":"first","17":"instock","18":"shipping-taxable","19":"purchasable","20":"product-type-simple"},"jetpack_sharing_enabled":true,"_links":{"self":[{"href":"https:\/\/macronaturalsshop.com\/index.php?rest_route=\/wp\/v2\/product\/3820"}],"collection":[{"href":"https:\/\/macronaturalsshop.com\/index.php?rest_route=\/wp\/v2\/product"}],"about":[{"href":"https:\/\/macronaturalsshop.com\/index.php?rest_route=\/wp\/v2\/types\/product"}],"replies":[{"embeddable":true,"href":"https:\/\/macronaturalsshop.com\/index.php?rest_route=%2Fwp%2Fv2%2Fcomments&post=3820"}],"wp:featuredmedia":[{"embeddable":true,"href":"https:\/\/macronaturalsshop.com\/index.php?rest_route=\/wp\/v2\/media\/3821"}],"wp:attachment":[{"href":"https:\/\/macronaturalsshop.com\/index.php?rest_route=%2Fwp%2Fv2%2Fmedia&parent=3820"}],"wp:term":[{"taxonomy":"product_brand","embeddable":true,"href":"https:\/\/macronaturalsshop.com\/index.php?rest_route=%2Fwp%2Fv2%2Fproduct_brand&post=3820"},{"taxonomy":"product_cat","embeddable":true,"href":"https:\/\/macronaturalsshop.com\/index.php?rest_route=%2Fwp%2Fv2%2Fproduct_cat&post=3820"},{"taxonomy":"product_tag","embeddable":true,"href":"https:\/\/macronaturalsshop.com\/index.php?rest_route=%2Fwp%2Fv2%2Fproduct_tag&post=3820"}],"curies":[{"name":"wp","href":"https:\/\/api.w.org\/{rel}","templated":true}]}}